{"id":1285,"date":"2024-04-17T17:02:51","date_gmt":"2024-04-17T14:02:51","guid":{"rendered":"https:\/\/internationalplusorganics.com\/product\/perfect\/"},"modified":"2024-11-07T18:05:09","modified_gmt":"2024-11-07T15:05:09","slug":"perfect","status":"publish","type":"product","link":"https:\/\/internationalplusorganics.com\/tr\/urun\/perfect\/","title":{"rendered":"Perfect"},"content":{"rendered":"<div class=\"wpb-content-wrapper\"><p>[vc_row][vc_column width=&#8221;1\/2&#8243;]\n\t\t<div id=\"wd-67239c17cbd11\" class=\"title-wrapper wd-wpb set-mb-s reset-last-child  wd-rs-67239c17cbd11 wd-title-color-default wd-title-style-default text-left vc_custom_1730386962412 wd-underline-colored\">\n\t\t\t\n\t\t\t<div class=\"liner-continer\">\n\t\t\t\t<h4 class=\"woodmart-title-container title  wd-font-weight- wd-fontsize-l\" >\u00dcr\u00fcn A\u00e7\u0131klamas\u0131<\/h4>\n\t\t\t\t\t\t\t<\/div>\n\t\t\t\n\t\t\t\n\t\t\t\n\t\t<\/div>\n\t\t\n\t\t[vc_column_text css=&#8221;&#8221; woodmart_inline=&#8221;no&#8221; text_larger=&#8221;no&#8221;]Nemlendirici \u00fczerine SPF korumas\u0131 ve \u00fczerine fond\u00f6ten s\u00fcrme zahmetinden kurtulun! Organik i\u00e7eri\u011fi ve hafif form\u00fcl\u00fc sayesinde BB Skinmatrix, g\u00f6zeneklerinizi t\u0131kamadan cilt kusurlar\u0131n\u0131z\u0131 kapatmaya yard\u0131mc\u0131 olur. Cildin t\u00fcm g\u00f6r\u00fcn\u00fcr ya\u015flanma belirtilerine kar\u015f\u0131 gen\u00e7 bir g\u00f6r\u00fcn\u00fcme kavu\u015fmas\u0131na yard\u0131mc\u0131 olur. Cildinizin ihtiya\u00e7 duydu\u011fu nemi geri kazand\u0131r\u0131rken p\u00fcr\u00fczs\u00fcz bir g\u00f6r\u00fcn\u00fcm sa\u011flar. Silikon ve paraben i\u00e7ermez.<\/p>\n<p>\u2022 Ciltte do\u011fal nemlendirici fakt\u00f6rlerin \u00fcretimini art\u0131ran Salicornia Herbacea \u00d6z\u00fc.<br \/>\n\u2022 Cildi beslemeye ve yenilemeye yard\u0131mc\u0131 olan Aloe Barbadensis Yaprak Suyu,<br \/>\n\u2022 Cildin pH seviyesini dengelemeye ve cildi lekesiz tutmaya yard\u0131mc\u0131 olan SPF 30 ile Konjac K\u00f6k\u00fc Manan&#8217;dan olu\u015fan 4 organik bile\u015fenin g\u00fcc\u00fcn\u00fc birle\u015ftiren cilt bak\u0131m\u0131 ve g\u00fcne\u015f korumas\u0131 sunar.[\/vc_column_text][\/vc_column][vc_column width=&#8221;1\/2&#8243;]\n\t\t<div id=\"wd-67239c1e242ca\" class=\"title-wrapper wd-wpb set-mb-s reset-last-child  wd-rs-67239c1e242ca wd-title-color-default wd-title-style-default text-left vc_custom_1730386967984 wd-underline-colored\">\n\t\t\t\n\t\t\t<div class=\"liner-continer\">\n\t\t\t\t<h4 class=\"woodmart-title-container title  wd-font-weight- wd-fontsize-l\" >Perfect Faydalar\u0131<\/h4>\n\t\t\t\t\t\t\t<\/div>\n\t\t\t\n\t\t\t\n\t\t\t\n\t\t<\/div>\n\t\t\n\t\t[vc_column_text css=&#8221;&#8221; woodmart_inline=&#8221;no&#8221; text_larger=&#8221;no&#8221;]Organik BB kremimiz i\u00e7eri\u011findeki Salicornia Herbacea, Organik Ay\u00e7i\u00e7e\u011fi Ya\u011f\u0131, Deniz Tuzu, \u00c7inko Oksit, Konjac K\u00f6k\u00fc \u00d6z\u00fc ve Organik Aloe Vera ile cildi besler, korur ve do\u011fal g\u00fczelli\u011fini ortaya \u00e7\u0131kar\u0131r. Ayr\u0131ca i\u00e7eri\u011findeki SPF 15 sayesinde cildi g\u00fcne\u015fin zararl\u0131 etkilerine kar\u015f\u0131 korur.<\/p>\n<p>Salicornia Herbacea: Cildi nemlendirir ve cildin nem dengesini koruyarak yumu\u015fak ve esnek bir cilt g\u00f6r\u00fcn\u00fcm\u00fc sa\u011flar.<br \/>\nOrganik Ay\u00e7i\u00e7e\u011fi Ya\u011f\u0131: Cildi besler, onar\u0131r ve antioksidan \u00f6zelli\u011fi ile cildin gen\u00e7 kalmas\u0131na yard\u0131mc\u0131 olur.<br \/>\nDeniz Tuzu: Cildi ar\u0131nd\u0131r\u0131r, dengeleyici \u00f6zelli\u011fe sahiptir ve cilt tonunu e\u015fitler.<br \/>\n\u00c7inko Oksit ve SPF 15: Cildi g\u00fcne\u015fin zararl\u0131 UV \u0131\u015f\u0131nlar\u0131na kar\u015f\u0131 korur, erken ya\u015flanma belirtilerini azalt\u0131r ve g\u00fcne\u015f lekelerinin olu\u015fumunu engeller.<br \/>\nKonjac K\u00f6k\u00fc \u00d6z\u00fc: Cilt dokusunu iyile\u015ftirir, g\u00f6zenekleri s\u0131k\u0131la\u015ft\u0131r\u0131r ve cildi p\u00fcr\u00fczs\u00fczle\u015ftirir. Organik Aloe Vera: Cildi yat\u0131\u015ft\u0131r\u0131r, tahri\u015fi azalt\u0131r, nemlendirir ve cildin do\u011fal bir parlakl\u0131k kazanmas\u0131na yard\u0131mc\u0131 olur.<br \/>\nBu organik BB krem \u200b\u200bcildi g\u00fcne\u015fin zararl\u0131 etkilerinden korurken ayn\u0131 zamanda besler, nemlendirir ve cildinizin daha p\u00fcr\u00fczs\u00fcz ve gen\u00e7 g\u00f6r\u00fcnmesini sa\u011flar. Do\u011fal i\u00e7erikleriyle cildinize sevgi dolu bir bak\u0131m sunar ve do\u011fal g\u00fczelli\u011finizi ortaya \u00e7\u0131kar\u0131r.[\/vc_column_text][\/vc_column][\/vc_row][vc_row][vc_column width=&#8221;1\/6&#8243; offset=&#8221;vc_col-xs-6&#8243; woodmart_css_id=&#8221;66211630efa8e&#8221; parallax_scroll=&#8221;no&#8221; woodmart_sticky_column=&#8221;false&#8221; wd_collapsible_content_switcher=&#8221;no&#8221; wd_column_role_offcanvas_desktop=&#8221;no&#8221; wd_column_role_offcanvas_tablet=&#8221;no&#8221; wd_column_role_offcanvas_mobile=&#8221;no&#8221; wd_column_role_content_desktop=&#8221;no&#8221; wd_column_role_content_tablet=&#8221;no&#8221; wd_column_role_content_mobile=&#8221;no&#8221; mobile_bg_img_hidden=&#8221;no&#8221; tablet_bg_img_hidden=&#8221;no&#8221; woodmart_parallax=&#8221;0&#8243; woodmart_box_shadow=&#8221;no&#8221; responsive_spacing=&#8221;eyJwYXJhbV90eXBlIjoid29vZG1hcnRfcmVzcG9uc2l2ZV9zcGFjaW5nIiwic2VsZWN0b3JfaWQiOiI2NjIxMTYzMGVmYThlIiwic2hvcnRjb2RlIjoidmNfY29sdW1uIiwiZGF0YSI6eyJ0YWJsZXQiOnt9LCJtb2JpbGUiOnt9fX0=&#8221; mobile_reset_margin=&#8221;no&#8221; tablet_reset_margin=&#8221;no&#8221; wd_z_index=&#8221;no&#8221;][vc_single_image image=&#8221;643&#8243; img_size=&#8221;full&#8221; alignment=&#8221;center&#8221; css=&#8221;.vc_custom_1713445235818{margin-bottom: 0px !important;}&#8221; parallax_scroll=&#8221;no&#8221; woodmart_inline=&#8221;no&#8221;][\/vc_column][vc_column width=&#8221;1\/6&#8243; offset=&#8221;vc_col-xs-6&#8243; woodmart_css_id=&#8221;662116378a7c8&#8243; parallax_scroll=&#8221;no&#8221; woodmart_sticky_column=&#8221;false&#8221; wd_collapsible_content_switcher=&#8221;no&#8221; wd_column_role_offcanvas_desktop=&#8221;no&#8221; wd_column_role_offcanvas_tablet=&#8221;no&#8221; wd_column_role_offcanvas_mobile=&#8221;no&#8221; wd_column_role_content_desktop=&#8221;no&#8221; wd_column_role_content_tablet=&#8221;no&#8221; wd_column_role_content_mobile=&#8221;no&#8221; mobile_bg_img_hidden=&#8221;no&#8221; tablet_bg_img_hidden=&#8221;no&#8221; woodmart_parallax=&#8221;0&#8243; woodmart_box_shadow=&#8221;no&#8221; responsive_spacing=&#8221;eyJwYXJhbV90eXBlIjoid29vZG1hcnRfcmVzcG9uc2l2ZV9zcGFjaW5nIiwic2VsZWN0b3JfaWQiOiI2NjIxMTYzNzhhN2M4Iiwic2hvcnRjb2RlIjoidmNfY29sdW1uIiwiZGF0YSI6eyJ0YWJsZXQiOnt9LCJtb2JpbGUiOnt9fX0=&#8221; mobile_reset_margin=&#8221;no&#8221; tablet_reset_margin=&#8221;no&#8221; wd_z_index=&#8221;no&#8221;][vc_single_image image=&#8221;644&#8243; img_size=&#8221;full&#8221; alignment=&#8221;center&#8221; css=&#8221;.vc_custom_1713444338210{margin-bottom: 0px !important;}&#8221; parallax_scroll=&#8221;no&#8221; woodmart_inline=&#8221;no&#8221;][\/vc_column][vc_column width=&#8221;1\/6&#8243; offset=&#8221;vc_col-xs-6&#8243; woodmart_css_id=&#8221;6621163cc1f9c&#8221; parallax_scroll=&#8221;no&#8221; woodmart_sticky_column=&#8221;false&#8221; wd_collapsible_content_switcher=&#8221;no&#8221; wd_column_role_offcanvas_desktop=&#8221;no&#8221; wd_column_role_offcanvas_tablet=&#8221;no&#8221; wd_column_role_offcanvas_mobile=&#8221;no&#8221; wd_column_role_content_desktop=&#8221;no&#8221; wd_column_role_content_tablet=&#8221;no&#8221; wd_column_role_content_mobile=&#8221;no&#8221; mobile_bg_img_hidden=&#8221;no&#8221; tablet_bg_img_hidden=&#8221;no&#8221; woodmart_parallax=&#8221;0&#8243; woodmart_box_shadow=&#8221;no&#8221; responsive_spacing=&#8221;eyJwYXJhbV90eXBlIjoid29vZG1hcnRfcmVzcG9uc2l2ZV9zcGFjaW5nIiwic2VsZWN0b3JfaWQiOiI2NjIxMTYzY2MxZjljIiwic2hvcnRjb2RlIjoidmNfY29sdW1uIiwiZGF0YSI6eyJ0YWJsZXQiOnt9LCJtb2JpbGUiOnt9fX0=&#8221; mobile_reset_margin=&#8221;no&#8221; tablet_reset_margin=&#8221;no&#8221; wd_z_index=&#8221;no&#8221;][vc_single_image image=&#8221;645&#8243; img_size=&#8221;full&#8221; alignment=&#8221;center&#8221; css=&#8221;.vc_custom_1713445106981{margin-bottom: 0px !important;}&#8221; parallax_scroll=&#8221;no&#8221; woodmart_inline=&#8221;no&#8221;][\/vc_column][vc_column width=&#8221;1\/6&#8243; offset=&#8221;vc_col-xs-6&#8243; woodmart_css_id=&#8221;6621164142cd5&#8243; parallax_scroll=&#8221;no&#8221; woodmart_sticky_column=&#8221;false&#8221; wd_collapsible_content_switcher=&#8221;no&#8221; wd_column_role_offcanvas_desktop=&#8221;no&#8221; wd_column_role_offcanvas_tablet=&#8221;no&#8221; wd_column_role_offcanvas_mobile=&#8221;no&#8221; wd_column_role_content_desktop=&#8221;no&#8221; wd_column_role_content_tablet=&#8221;no&#8221; wd_column_role_content_mobile=&#8221;no&#8221; mobile_bg_img_hidden=&#8221;no&#8221; tablet_bg_img_hidden=&#8221;no&#8221; woodmart_parallax=&#8221;0&#8243; woodmart_box_shadow=&#8221;no&#8221; responsive_spacing=&#8221;eyJwYXJhbV90eXBlIjoid29vZG1hcnRfcmVzcG9uc2l2ZV9zcGFjaW5nIiwic2VsZWN0b3JfaWQiOiI2NjIxMTY0MTQyY2Q1Iiwic2hvcnRjb2RlIjoidmNfY29sdW1uIiwiZGF0YSI6eyJ0YWJsZXQiOnt9LCJtb2JpbGUiOnt9fX0=&#8221; mobile_reset_margin=&#8221;no&#8221; tablet_reset_margin=&#8221;no&#8221; wd_z_index=&#8221;no&#8221;][vc_single_image image=&#8221;646&#8243; img_size=&#8221;full&#8221; alignment=&#8221;center&#8221; css=&#8221;.vc_custom_1713444356645{margin-bottom: 0px !important;}&#8221; parallax_scroll=&#8221;no&#8221; woodmart_inline=&#8221;no&#8221;][\/vc_column][vc_column width=&#8221;1\/6&#8243; offset=&#8221;vc_col-xs-6&#8243; woodmart_css_id=&#8221;662116455e0a6&#8243; parallax_scroll=&#8221;no&#8221; woodmart_sticky_column=&#8221;false&#8221; wd_collapsible_content_switcher=&#8221;no&#8221; wd_column_role_offcanvas_desktop=&#8221;no&#8221; wd_column_role_offcanvas_tablet=&#8221;no&#8221; wd_column_role_offcanvas_mobile=&#8221;no&#8221; wd_column_role_content_desktop=&#8221;no&#8221; wd_column_role_content_tablet=&#8221;no&#8221; wd_column_role_content_mobile=&#8221;no&#8221; mobile_bg_img_hidden=&#8221;no&#8221; tablet_bg_img_hidden=&#8221;no&#8221; woodmart_parallax=&#8221;0&#8243; woodmart_box_shadow=&#8221;no&#8221; responsive_spacing=&#8221;eyJwYXJhbV90eXBlIjoid29vZG1hcnRfcmVzcG9uc2l2ZV9zcGFjaW5nIiwic2VsZWN0b3JfaWQiOiI2NjIxMTY0NTVlMGE2Iiwic2hvcnRjb2RlIjoidmNfY29sdW1uIiwiZGF0YSI6eyJ0YWJsZXQiOnt9LCJtb2JpbGUiOnt9fX0=&#8221; mobile_reset_margin=&#8221;no&#8221; tablet_reset_margin=&#8221;no&#8221; wd_z_index=&#8221;no&#8221;][vc_single_image image=&#8221;639&#8243; img_size=&#8221;full&#8221; alignment=&#8221;center&#8221; css=&#8221;.vc_custom_1713445228745{margin-bottom: 0px !important;}&#8221; parallax_scroll=&#8221;no&#8221; woodmart_inline=&#8221;no&#8221;][\/vc_column][vc_column width=&#8221;1\/6&#8243; offset=&#8221;vc_col-xs-6&#8243; woodmart_css_id=&#8221;662116494373d&#8221; parallax_scroll=&#8221;no&#8221; woodmart_sticky_column=&#8221;false&#8221; wd_collapsible_content_switcher=&#8221;no&#8221; wd_column_role_offcanvas_desktop=&#8221;no&#8221; wd_column_role_offcanvas_tablet=&#8221;no&#8221; wd_column_role_offcanvas_mobile=&#8221;no&#8221; wd_column_role_content_desktop=&#8221;no&#8221; wd_column_role_content_tablet=&#8221;no&#8221; wd_column_role_content_mobile=&#8221;no&#8221; mobile_bg_img_hidden=&#8221;no&#8221; tablet_bg_img_hidden=&#8221;no&#8221; woodmart_parallax=&#8221;0&#8243; woodmart_box_shadow=&#8221;no&#8221; responsive_spacing=&#8221;eyJwYXJhbV90eXBlIjoid29vZG1hcnRfcmVzcG9uc2l2ZV9zcGFjaW5nIiwic2VsZWN0b3JfaWQiOiI2NjIxMTY0OTQzNzNkIiwic2hvcnRjb2RlIjoidmNfY29sdW1uIiwiZGF0YSI6eyJ0YWJsZXQiOnt9LCJtb2JpbGUiOnt9fX0=&#8221; mobile_reset_margin=&#8221;no&#8221; tablet_reset_margin=&#8221;no&#8221; wd_z_index=&#8221;no&#8221;][vc_single_image image=&#8221;642&#8243; img_size=&#8221;full&#8221; alignment=&#8221;center&#8221; css=&#8221;.vc_custom_1713444367937{margin-bottom: 0px !important;}&#8221; parallax_scroll=&#8221;no&#8221; woodmart_inline=&#8221;no&#8221;][\/vc_column][\/vc_row][vc_row el_class=&#8221;mobile-none&#8221; woodmart_css_id=&#8221;6620f93a5d2fd&#8221; responsive_spacing=&#8221;eyJwYXJhbV90eXBlIjoid29vZG1hcnRfcmVzcG9uc2l2ZV9zcGFjaW5nIiwic2VsZWN0b3JfaWQiOiI2NjIwZjkzYTVkMmZkIiwic2hvcnRjb2RlIjoidmNfcm93IiwiZGF0YSI6eyJ0YWJsZXQiOnt9LCJtb2JpbGUiOnt9fX0=&#8221; mobile_bg_img_hidden=&#8221;no&#8221; tablet_bg_img_hidden=&#8221;no&#8221; woodmart_parallax=&#8221;0&#8243; woodmart_gradient_switch=&#8221;no&#8221; woodmart_box_shadow=&#8221;no&#8221; wd_z_index=&#8221;no&#8221; woodmart_disable_overflow=&#8221;0&#8243; row_reverse_mobile=&#8221;0&#8243; row_reverse_tablet=&#8221;0&#8243;][vc_column][vc_single_image image=&#8221;1364&#8243; img_size=&#8221;full&#8221; css=&#8221;.vc_custom_1730822328703{margin-bottom: 0px !important;}&#8221; parallax_scroll=&#8221;no&#8221; woodmart_inline=&#8221;no&#8221;][\/vc_column][\/vc_row][vc_row el_class=&#8221;pc-none&#8221; woodmart_css_id=&#8221;6620f94156b19&#8243; responsive_spacing=&#8221;eyJwYXJhbV90eXBlIjoid29vZG1hcnRfcmVzcG9uc2l2ZV9zcGFjaW5nIiwic2VsZWN0b3JfaWQiOiI2NjIwZjk0MTU2YjE5Iiwic2hvcnRjb2RlIjoidmNfcm93IiwiZGF0YSI6eyJ0YWJsZXQiOnt9LCJtb2JpbGUiOnt9fX0=&#8221; mobile_bg_img_hidden=&#8221;no&#8221; tablet_bg_img_hidden=&#8221;no&#8221; woodmart_parallax=&#8221;0&#8243; woodmart_gradient_switch=&#8221;no&#8221; woodmart_box_shadow=&#8221;no&#8221; wd_z_index=&#8221;no&#8221; woodmart_disable_overflow=&#8221;0&#8243; row_reverse_mobile=&#8221;0&#8243; row_reverse_tablet=&#8221;0&#8243;][vc_column][vc_single_image image=&#8221;1362&#8243; img_size=&#8221;full&#8221; css=&#8221;.vc_custom_1730822335060{margin-bottom: 0px !important;}&#8221; parallax_scroll=&#8221;no&#8221; woodmart_inline=&#8221;no&#8221;][\/vc_column][\/vc_row]<\/p>\n<\/div>","protected":false},"excerpt":{"rendered":"<p>Renkli cilt bak\u0131m \u00fcr\u00fcn\u00fc. \u0130peksi hissi ve hafif dokusuyla ciltte do\u011fal bir g\u00f6r\u00fcn\u00fcm sa\u011flarken kusurlar\u0131 kapat\u0131r. UVA ve UVB mineral filtreleri cildin erken ya\u015flanmas\u0131n\u0131 \u00f6nlemeye yard\u0131mc\u0131 olur. Salicornia Herbacea \u00f6z\u00fct\u00fcyle ciltte do\u011fal nemlendirici fakt\u00f6rlerin etkisini harekete ge\u00e7irir ve uzun s\u00fcreli nemlendirme sa\u011flar.<\/p>\n<p><strong>%99,9 Do\u011fal, %30 Organik \u0130\u00e7erik<\/strong><\/p>\n","protected":false},"featured_media":1173,"comment_status":"open","ping_status":"closed","template":"","meta":{"rank_math_lock_modified_date":false},"product_brand":[],"product_cat":[29],"product_tag":[],"class_list":{"0":"post-1285","1":"product","2":"type-product","3":"status-publish","4":"has-post-thumbnail","6":"product_cat-uncategorized-tr","8":"first","9":"outofstock","10":"shipping-taxable","11":"purchasable","12":"product-type-simple"},"_links":{"self":[{"href":"https:\/\/internationalplusorganics.com\/tr\/wp-json\/wp\/v2\/product\/1285","targetHints":{"allow":["GET"]}}],"collection":[{"href":"https:\/\/internationalplusorganics.com\/tr\/wp-json\/wp\/v2\/product"}],"about":[{"href":"https:\/\/internationalplusorganics.com\/tr\/wp-json\/wp\/v2\/types\/product"}],"replies":[{"embeddable":true,"href":"https:\/\/internationalplusorganics.com\/tr\/wp-json\/wp\/v2\/comments?post=1285"}],"wp:featuredmedia":[{"embeddable":true,"href":"https:\/\/internationalplusorganics.com\/tr\/wp-json\/wp\/v2\/media\/1173"}],"wp:attachment":[{"href":"https:\/\/internationalplusorganics.com\/tr\/wp-json\/wp\/v2\/media?parent=1285"}],"wp:term":[{"taxonomy":"product_brand","embeddable":true,"href":"https:\/\/internationalplusorganics.com\/tr\/wp-json\/wp\/v2\/product_brand?post=1285"},{"taxonomy":"product_cat","embeddable":true,"href":"https:\/\/internationalplusorganics.com\/tr\/wp-json\/wp\/v2\/product_cat?post=1285"},{"taxonomy":"product_tag","embeddable":true,"href":"https:\/\/internationalplusorganics.com\/tr\/wp-json\/wp\/v2\/product_tag?post=1285"}],"curies":[{"name":"wp","href":"https:\/\/api.w.org\/{rel}","templated":true}]}}