{"id":1670,"date":"2024-04-17T17:03:06","date_gmt":"2024-04-17T14:03:06","guid":{"rendered":"https:\/\/internationalplusorganics.com\/product\/repair\/"},"modified":"2025-03-04T02:37:32","modified_gmt":"2025-03-03T23:37:32","slug":"repair","status":"publish","type":"product","link":"https:\/\/internationalplusorganics.com\/pl\/produkt\/repair\/","title":{"rendered":"Repair"},"content":{"rendered":"<div class=\"wpb-content-wrapper\"><p>[vc_row][vc_column width=&#8221;1\/2&#8243;]\n\t\t<div id=\"wd-67b4a994de3ac\" class=\"title-wrapper wd-wpb set-mb-s reset-last-child  wd-rs-67b4a994de3ac wd-title-color-default wd-title-style-default text-left vc_custom_1739893110213 wd-underline-colored\">\n\t\t\t\n\t\t\t<div class=\"liner-continer\">\n\t\t\t\t<h4 class=\"woodmart-title-container title  wd-font-weight- wd-fontsize-l\" >Opis produktu<\/h4>\n\t\t\t\t\t\t\t<\/div>\n\t\t\t\n\t\t\t\n\t\t\t\n\t\t<\/div>\n\t\t\n\t\t[vc_column_text css=&#8221;&#8221; woodmart_inline=&#8221;no&#8221; text_larger=&#8221;no&#8221;]<strong>Eye Repair With SPF 15<\/strong><\/p>\n<p>Pomaga chroni\u0107 okolice oczu dzi\u0119ki intensywnej ochronie antyoksydacyjnej. Zorganizowany Stosowany jako produkt tworzy sie\u0107 w\u0142\u00f3kien kolagenowych i zapewnia intensywne nawil\u017cenie. Pomaga suchej, zm\u0119czonej okolicy oczu wygl\u0105da\u0107 na pe\u0142niejsz\u0105.<\/p>\n<p>\u2022 Jania Rubens, dzi\u0119ki swojej wysokiej zdolno\u015bci zatrzymywania wody, koi\/regeneruje, stymuluje wzrost nowych kom\u00f3rek. wspiera.<\/p>\n<p>\u2022 Olej z nasion Simmondsia Chinensis, kt\u00f3ry pomaga nawil\u017ca\u0107 i zwi\u0119ksza\u0107 elastyczno\u015b\u0107.<\/p>\n<p>\u2022 Olej z nasion Argania Spinosa, kt\u00f3ry zwi\u0119ksza produkcj\u0119 naturalnych czynnik\u00f3w nawil\u017caj\u0105cych w sk\u00f3rze,<\/p>\n<p>\u2022 Ekstrakt z Salicornia Herbacea, kt\u00f3ry od\u017cywia i odnawia sk\u00f3r\u0119,<\/p>\n<p>\u2022 Pomaga zr\u00f3wnowa\u017cy\u0107 poziom pH sk\u00f3ry i utrzyma\u0107 j\u0105 nieskaziteln\u0105. Sok z li\u015bci aloesu barbadensis,<\/p>\n<p>\u2022 Produkt \u0142\u0105cz\u0105cy moc 6 organicznych sk\u0142adnik\u00f3w, w tym korzenia konjac Manan z SPF 15. Oferuje piel\u0119gnacj\u0119 sk\u00f3ry i ochron\u0119 przeciws\u0142oneczn\u0105.[\/vc_column_text][\/vc_column][vc_column width=&#8221;1\/2&#8243;]\n\t\t<div id=\"wd-67b4a9bdc4a9d\" class=\"title-wrapper wd-wpb set-mb-s reset-last-child  wd-rs-67b4a9bdc4a9d wd-title-color-default wd-title-style-default text-left vc_custom_1739893151488 wd-underline-colored\">\n\t\t\t\n\t\t\t<div class=\"liner-continer\">\n\t\t\t\t<h4 class=\"woodmart-title-container title  wd-font-weight- wd-fontsize-l\" >Korzy\u015bci z naprawy<\/h4>\n\t\t\t\t\t\t\t<\/div>\n\t\t\t\n\t\t\t\n\t\t\t\n\t\t<\/div>\n\t\t\n\t\t[vc_column_text css=&#8221;&#8221; woodmart_inline=&#8221;no&#8221; text_larger=&#8221;no&#8221;]Nasz organiczny krem \u200b\u200bnawil\u017caj\u0105cy pod oczy zawieraj\u0105cy Jania Rubens, Salicornia Herbacea, olej jojoba, olej arganowy, tlenek cynku, ekstrakt z korzenia konjac i organiczny aloes delikatnie od\u017cywia, nawil\u017ca i chroni delikatn\u0105 sk\u00f3r\u0119 wok\u00f3\u0142 oczu. Ka\u017cdy sk\u0142adnik redukuje oznaki starzenia si\u0119 sk\u00f3ry wok\u00f3\u0142 oczu i nadaje jej jasny i m\u0142odzie\u0144czy wygl\u0105d.<\/p>\n<ul>\n<li>Jania Rubens i Salicornia Herbacea: G\u0142\u0119boko nawil\u017caj\u0105 sk\u00f3r\u0119, zwi\u0119kszaj\u0105 jej elastyczno\u015b\u0107 i zmniejszaj\u0105 cienie pod oczami, pomagaj\u0105c w ten spos\u00f3b uzyska\u0107 ja\u015bniejszy wygl\u0105d.<\/li>\n<li>Olej jojoba i olej arganowy: Od\u017cywiaj\u0105, naprawiaj\u0105 i zmi\u0119kczaj\u0105 sk\u00f3r\u0119, zmniejszaj\u0105c widoczno\u015b\u0107 drobnych linii i zmarszczek pod oczami.<\/li>\n<li>Tlenek cynku: Chroni sk\u00f3r\u0119 przed podra\u017cnieniami, ma w\u0142a\u015bciwo\u015bci przeciwzapalne i \u0142agodzi wra\u017cliw\u0105 sk\u00f3r\u0119 wok\u00f3\u0142 oczu.<\/li>\n<li>Ekstrakt z korzenia konjac: Napina sk\u00f3r\u0119, zmniejsza obrz\u0119ki pod oczami i oczyszcza pory wok\u00f3\u0142 oczu.<\/li>\n<li>Organiczny aloes: \u0142agodzi, nawil\u017ca i ch\u0142odzi sk\u00f3r\u0119, redukuje cienie pod oczami i sprawia, \u017ce \u200b\u200bsk\u00f3ra jest jasna i promienna.<\/li>\n<\/ul>\n<p>Ten organiczny krem \u200b\u200bnawil\u017caj\u0105cy pod oczy delikatnie piel\u0119gnuje delikatn\u0105 sk\u00f3r\u0119 wok\u00f3\u0142 oczu, redukuje oznaki starzenia i dodaje blasku Twoim oczom. Dzi\u0119ki naturalnym i organicznym sk\u0142adnikom zapewnia ca\u0142\u0105 piel\u0119gnacj\u0119, jakiej potrzebuje Twoja okolica oczu i pomaga Ci uzyska\u0107 m\u0142ody i zdrowy wygl\u0105d.[\/vc_column_text][\/vc_column][\/vc_row][vc_row][vc_column width=&#8221;1\/6&#8243; offset=&#8221;vc_col-xs-6&#8243; woodmart_css_id=&#8221;66211630efa8e&#8221; parallax_scroll=&#8221;no&#8221; woodmart_sticky_column=&#8221;false&#8221; wd_collapsible_content_switcher=&#8221;no&#8221; wd_column_role_offcanvas_desktop=&#8221;no&#8221; wd_column_role_offcanvas_tablet=&#8221;no&#8221; wd_column_role_offcanvas_mobile=&#8221;no&#8221; wd_column_role_content_desktop=&#8221;no&#8221; wd_column_role_content_tablet=&#8221;no&#8221; wd_column_role_content_mobile=&#8221;no&#8221; mobile_bg_img_hidden=&#8221;no&#8221; tablet_bg_img_hidden=&#8221;no&#8221; woodmart_parallax=&#8221;0&#8243; woodmart_box_shadow=&#8221;no&#8221; responsive_spacing=&#8221;eyJwYXJhbV90eXBlIjoid29vZG1hcnRfcmVzcG9uc2l2ZV9zcGFjaW5nIiwic2VsZWN0b3JfaWQiOiI2NjIxMTYzMGVmYThlIiwic2hvcnRjb2RlIjoidmNfY29sdW1uIiwiZGF0YSI6eyJ0YWJsZXQiOnt9LCJtb2JpbGUiOnt9fX0=&#8221; mobile_reset_margin=&#8221;no&#8221; tablet_reset_margin=&#8221;no&#8221; wd_z_index=&#8221;no&#8221;][vc_single_image image=&#8221;643&#8243; img_size=&#8221;full&#8221; alignment=&#8221;center&#8221; css=&#8221;.vc_custom_1713445198041{margin-bottom: 0px !important;}&#8221; parallax_scroll=&#8221;no&#8221; woodmart_inline=&#8221;no&#8221;][\/vc_column][vc_column width=&#8221;1\/6&#8243; offset=&#8221;vc_col-xs-6&#8243; woodmart_css_id=&#8221;662116378a7c8&#8243; parallax_scroll=&#8221;no&#8221; woodmart_sticky_column=&#8221;false&#8221; wd_collapsible_content_switcher=&#8221;no&#8221; wd_column_role_offcanvas_desktop=&#8221;no&#8221; wd_column_role_offcanvas_tablet=&#8221;no&#8221; wd_column_role_offcanvas_mobile=&#8221;no&#8221; wd_column_role_content_desktop=&#8221;no&#8221; wd_column_role_content_tablet=&#8221;no&#8221; wd_column_role_content_mobile=&#8221;no&#8221; mobile_bg_img_hidden=&#8221;no&#8221; tablet_bg_img_hidden=&#8221;no&#8221; woodmart_parallax=&#8221;0&#8243; woodmart_box_shadow=&#8221;no&#8221; responsive_spacing=&#8221;eyJwYXJhbV90eXBlIjoid29vZG1hcnRfcmVzcG9uc2l2ZV9zcGFjaW5nIiwic2VsZWN0b3JfaWQiOiI2NjIxMTYzNzhhN2M4Iiwic2hvcnRjb2RlIjoidmNfY29sdW1uIiwiZGF0YSI6eyJ0YWJsZXQiOnt9LCJtb2JpbGUiOnt9fX0=&#8221; mobile_reset_margin=&#8221;no&#8221; tablet_reset_margin=&#8221;no&#8221; wd_z_index=&#8221;no&#8221;][vc_single_image image=&#8221;644&#8243; img_size=&#8221;full&#8221; alignment=&#8221;center&#8221; css=&#8221;.vc_custom_1713444338210{margin-bottom: 0px !important;}&#8221; parallax_scroll=&#8221;no&#8221; woodmart_inline=&#8221;no&#8221;][\/vc_column][vc_column width=&#8221;1\/6&#8243; offset=&#8221;vc_col-xs-6&#8243; woodmart_css_id=&#8221;6621163cc1f9c&#8221; parallax_scroll=&#8221;no&#8221; woodmart_sticky_column=&#8221;false&#8221; wd_collapsible_content_switcher=&#8221;no&#8221; wd_column_role_offcanvas_desktop=&#8221;no&#8221; wd_column_role_offcanvas_tablet=&#8221;no&#8221; wd_column_role_offcanvas_mobile=&#8221;no&#8221; wd_column_role_content_desktop=&#8221;no&#8221; wd_column_role_content_tablet=&#8221;no&#8221; wd_column_role_content_mobile=&#8221;no&#8221; mobile_bg_img_hidden=&#8221;no&#8221; tablet_bg_img_hidden=&#8221;no&#8221; woodmart_parallax=&#8221;0&#8243; woodmart_box_shadow=&#8221;no&#8221; responsive_spacing=&#8221;eyJwYXJhbV90eXBlIjoid29vZG1hcnRfcmVzcG9uc2l2ZV9zcGFjaW5nIiwic2VsZWN0b3JfaWQiOiI2NjIxMTYzY2MxZjljIiwic2hvcnRjb2RlIjoidmNfY29sdW1uIiwiZGF0YSI6eyJ0YWJsZXQiOnt9LCJtb2JpbGUiOnt9fX0=&#8221; mobile_reset_margin=&#8221;no&#8221; tablet_reset_margin=&#8221;no&#8221; wd_z_index=&#8221;no&#8221;][vc_single_image image=&#8221;645&#8243; img_size=&#8221;full&#8221; alignment=&#8221;center&#8221; css=&#8221;.vc_custom_1713445106981{margin-bottom: 0px !important;}&#8221; parallax_scroll=&#8221;no&#8221; woodmart_inline=&#8221;no&#8221;][\/vc_column][vc_column width=&#8221;1\/6&#8243; offset=&#8221;vc_col-xs-6&#8243; woodmart_css_id=&#8221;6621164142cd5&#8243; parallax_scroll=&#8221;no&#8221; woodmart_sticky_column=&#8221;false&#8221; wd_collapsible_content_switcher=&#8221;no&#8221; wd_column_role_offcanvas_desktop=&#8221;no&#8221; wd_column_role_offcanvas_tablet=&#8221;no&#8221; wd_column_role_offcanvas_mobile=&#8221;no&#8221; wd_column_role_content_desktop=&#8221;no&#8221; wd_column_role_content_tablet=&#8221;no&#8221; wd_column_role_content_mobile=&#8221;no&#8221; mobile_bg_img_hidden=&#8221;no&#8221; tablet_bg_img_hidden=&#8221;no&#8221; woodmart_parallax=&#8221;0&#8243; woodmart_box_shadow=&#8221;no&#8221; responsive_spacing=&#8221;eyJwYXJhbV90eXBlIjoid29vZG1hcnRfcmVzcG9uc2l2ZV9zcGFjaW5nIiwic2VsZWN0b3JfaWQiOiI2NjIxMTY0MTQyY2Q1Iiwic2hvcnRjb2RlIjoidmNfY29sdW1uIiwiZGF0YSI6eyJ0YWJsZXQiOnt9LCJtb2JpbGUiOnt9fX0=&#8221; mobile_reset_margin=&#8221;no&#8221; tablet_reset_margin=&#8221;no&#8221; wd_z_index=&#8221;no&#8221;][vc_single_image image=&#8221;638&#8243; img_size=&#8221;full&#8221; alignment=&#8221;center&#8221; css=&#8221;.vc_custom_1713445192469{margin-bottom: 0px !important;}&#8221; parallax_scroll=&#8221;no&#8221; woodmart_inline=&#8221;no&#8221;][\/vc_column][vc_column width=&#8221;1\/6&#8243; offset=&#8221;vc_col-xs-6&#8243; woodmart_css_id=&#8221;662116455e0a6&#8243; parallax_scroll=&#8221;no&#8221; woodmart_sticky_column=&#8221;false&#8221; wd_collapsible_content_switcher=&#8221;no&#8221; wd_column_role_offcanvas_desktop=&#8221;no&#8221; wd_column_role_offcanvas_tablet=&#8221;no&#8221; wd_column_role_offcanvas_mobile=&#8221;no&#8221; wd_column_role_content_desktop=&#8221;no&#8221; wd_column_role_content_tablet=&#8221;no&#8221; wd_column_role_content_mobile=&#8221;no&#8221; mobile_bg_img_hidden=&#8221;no&#8221; tablet_bg_img_hidden=&#8221;no&#8221; woodmart_parallax=&#8221;0&#8243; woodmart_box_shadow=&#8221;no&#8221; responsive_spacing=&#8221;eyJwYXJhbV90eXBlIjoid29vZG1hcnRfcmVzcG9uc2l2ZV9zcGFjaW5nIiwic2VsZWN0b3JfaWQiOiI2NjIxMTY0NTVlMGE2Iiwic2hvcnRjb2RlIjoidmNfY29sdW1uIiwiZGF0YSI6eyJ0YWJsZXQiOnt9LCJtb2JpbGUiOnt9fX0=&#8221; mobile_reset_margin=&#8221;no&#8221; tablet_reset_margin=&#8221;no&#8221; wd_z_index=&#8221;no&#8221;][vc_single_image image=&#8221;647&#8243; img_size=&#8221;full&#8221; alignment=&#8221;center&#8221; css=&#8221;.vc_custom_1713444362010{margin-bottom: 0px !important;}&#8221; parallax_scroll=&#8221;no&#8221; woodmart_inline=&#8221;no&#8221;][\/vc_column][vc_column width=&#8221;1\/6&#8243; offset=&#8221;vc_col-xs-6&#8243; woodmart_css_id=&#8221;662116494373d&#8221; parallax_scroll=&#8221;no&#8221; woodmart_sticky_column=&#8221;false&#8221; wd_collapsible_content_switcher=&#8221;no&#8221; wd_column_role_offcanvas_desktop=&#8221;no&#8221; wd_column_role_offcanvas_tablet=&#8221;no&#8221; wd_column_role_offcanvas_mobile=&#8221;no&#8221; wd_column_role_content_desktop=&#8221;no&#8221; wd_column_role_content_tablet=&#8221;no&#8221; wd_column_role_content_mobile=&#8221;no&#8221; mobile_bg_img_hidden=&#8221;no&#8221; tablet_bg_img_hidden=&#8221;no&#8221; woodmart_parallax=&#8221;0&#8243; woodmart_box_shadow=&#8221;no&#8221; responsive_spacing=&#8221;eyJwYXJhbV90eXBlIjoid29vZG1hcnRfcmVzcG9uc2l2ZV9zcGFjaW5nIiwic2VsZWN0b3JfaWQiOiI2NjIxMTY0OTQzNzNkIiwic2hvcnRjb2RlIjoidmNfY29sdW1uIiwiZGF0YSI6eyJ0YWJsZXQiOnt9LCJtb2JpbGUiOnt9fX0=&#8221; mobile_reset_margin=&#8221;no&#8221; tablet_reset_margin=&#8221;no&#8221; wd_z_index=&#8221;no&#8221;][vc_single_image image=&#8221;642&#8243; img_size=&#8221;full&#8221; alignment=&#8221;center&#8221; css=&#8221;.vc_custom_1713444367937{margin-bottom: 0px !important;}&#8221; parallax_scroll=&#8221;no&#8221; woodmart_inline=&#8221;no&#8221;][\/vc_column][\/vc_row][vc_row el_class=&#8221;mobile-none&#8221; woodmart_css_id=&#8221;6620f93a5d2fd&#8221; responsive_spacing=&#8221;eyJwYXJhbV90eXBlIjoid29vZG1hcnRfcmVzcG9uc2l2ZV9zcGFjaW5nIiwic2VsZWN0b3JfaWQiOiI2NjIwZjkzYTVkMmZkIiwic2hvcnRjb2RlIjoidmNfcm93IiwiZGF0YSI6eyJ0YWJsZXQiOnt9LCJtb2JpbGUiOnt9fX0=&#8221; mobile_bg_img_hidden=&#8221;no&#8221; tablet_bg_img_hidden=&#8221;no&#8221; woodmart_parallax=&#8221;0&#8243; woodmart_gradient_switch=&#8221;no&#8221; woodmart_box_shadow=&#8221;no&#8221; wd_z_index=&#8221;no&#8221; woodmart_disable_overflow=&#8221;0&#8243; row_reverse_mobile=&#8221;0&#8243; row_reverse_tablet=&#8221;0&#8243;][vc_column][vc_single_image image=&#8221;1886&#8243; img_size=&#8221;full&#8221; css=&#8221;.vc_custom_1741045028997{margin-bottom: 0px !important;}&#8221; parallax_scroll=&#8221;no&#8221; woodmart_inline=&#8221;no&#8221;][\/vc_column][\/vc_row][vc_row el_class=&#8221;pc-none&#8221; woodmart_css_id=&#8221;6620f94156b19&#8243; responsive_spacing=&#8221;eyJwYXJhbV90eXBlIjoid29vZG1hcnRfcmVzcG9uc2l2ZV9zcGFjaW5nIiwic2VsZWN0b3JfaWQiOiI2NjIwZjk0MTU2YjE5Iiwic2hvcnRjb2RlIjoidmNfcm93IiwiZGF0YSI6eyJ0YWJsZXQiOnt9LCJtb2JpbGUiOnt9fX0=&#8221; mobile_bg_img_hidden=&#8221;no&#8221; tablet_bg_img_hidden=&#8221;no&#8221; woodmart_parallax=&#8221;0&#8243; woodmart_gradient_switch=&#8221;no&#8221; woodmart_box_shadow=&#8221;no&#8221; wd_z_index=&#8221;no&#8221; woodmart_disable_overflow=&#8221;0&#8243; row_reverse_mobile=&#8221;0&#8243; row_reverse_tablet=&#8221;0&#8243;][vc_column][vc_single_image image=&#8221;1889&#8243; img_size=&#8221;full&#8221; css=&#8221;.vc_custom_1741045037957{margin-bottom: 0px !important;}&#8221; parallax_scroll=&#8221;no&#8221; woodmart_inline=&#8221;no&#8221;][\/vc_column][\/vc_row]<\/p>\n<\/div>","protected":false},"excerpt":{"rendered":"<p>Codzienny krem \u200b\u200bdo piel\u0119gnacji oczu z w\u0142a\u015bciwo\u015bciami ochrony przeciws\u0142onecznej, kt\u00f3ry mo\u017cna stosowa\u0107 przez ca\u0142y rok. Chroni sk\u00f3r\u0119 dzi\u0119ki wspania\u0142emu po\u0142\u0105czeniu mineralnych filtr\u00f3w UVA i UVB, ekstrakt\u00f3w ro\u015blinnych i sk\u0142adnik\u00f3w rewitalizuj\u0105cych sk\u00f3r\u0119. Jania Rubens dzia\u0142a jako wype\u0142niacz zmarszczek; przy regularnym stosowaniu tworzy sie\u0107 w\u0142\u00f3kien kolagenowych. Lekka formu\u0142a sprawia, \u017ce \u200b\u200bten krem \u200b\u200bnawil\u017caj\u0105cy jest idealn\u0105 baz\u0105 pod makija\u017c.<\/p>\n<p><strong>99,9% naturalny, 20,01% organiczny<\/strong><\/p>\n","protected":false},"featured_media":1677,"comment_status":"open","ping_status":"closed","template":"","meta":{"rank_math_lock_modified_date":false},"product_brand":[],"product_cat":[36],"product_tag":[],"class_list":{"0":"post-1670","1":"product","2":"type-product","3":"status-publish","4":"has-post-thumbnail","6":"product_cat-general-pl","8":"first","9":"outofstock","10":"shipping-taxable","11":"purchasable","12":"product-type-simple"},"_links":{"self":[{"href":"https:\/\/internationalplusorganics.com\/pl\/wp-json\/wp\/v2\/product\/1670","targetHints":{"allow":["GET"]}}],"collection":[{"href":"https:\/\/internationalplusorganics.com\/pl\/wp-json\/wp\/v2\/product"}],"about":[{"href":"https:\/\/internationalplusorganics.com\/pl\/wp-json\/wp\/v2\/types\/product"}],"replies":[{"embeddable":true,"href":"https:\/\/internationalplusorganics.com\/pl\/wp-json\/wp\/v2\/comments?post=1670"}],"wp:featuredmedia":[{"embeddable":true,"href":"https:\/\/internationalplusorganics.com\/pl\/wp-json\/wp\/v2\/media\/1677"}],"wp:attachment":[{"href":"https:\/\/internationalplusorganics.com\/pl\/wp-json\/wp\/v2\/media?parent=1670"}],"wp:term":[{"taxonomy":"product_brand","embeddable":true,"href":"https:\/\/internationalplusorganics.com\/pl\/wp-json\/wp\/v2\/product_brand?post=1670"},{"taxonomy":"product_cat","embeddable":true,"href":"https:\/\/internationalplusorganics.com\/pl\/wp-json\/wp\/v2\/product_cat?post=1670"},{"taxonomy":"product_tag","embeddable":true,"href":"https:\/\/internationalplusorganics.com\/pl\/wp-json\/wp\/v2\/product_tag?post=1670"}],"curies":[{"name":"wp","href":"https:\/\/api.w.org\/{rel}","templated":true}]}}