{"id":1642,"date":"2024-04-17T17:02:51","date_gmt":"2024-04-17T14:02:51","guid":{"rendered":"https:\/\/internationalplusorganics.com\/product\/perfect\/"},"modified":"2025-03-04T02:38:26","modified_gmt":"2025-03-03T23:38:26","slug":"perfect","status":"publish","type":"product","link":"https:\/\/internationalplusorganics.com\/pl\/produkt\/perfect\/","title":{"rendered":"Perfect"},"content":{"rendered":"<div class=\"wpb-content-wrapper\"><p>[vc_row][vc_column width=&#8221;1\/2&#8243;]\n\t\t<div id=\"wd-67b4a5eb36085\" class=\"title-wrapper wd-wpb set-mb-s reset-last-child  wd-rs-67b4a5eb36085 wd-title-color-default wd-title-style-default text-left vc_custom_1739892172897 wd-underline-colored\">\n\t\t\t\n\t\t\t<div class=\"liner-continer\">\n\t\t\t\t<h4 class=\"woodmart-title-container title  wd-font-weight- wd-fontsize-l\" >Opis produktu<\/h4>\n\t\t\t\t\t\t\t<\/div>\n\t\t\t\n\t\t\t\n\t\t\t\n\t\t<\/div>\n\t\t\n\t\t[vc_column_text css=&#8221;&#8221; woodmart_inline=&#8221;no&#8221; text_larger=&#8221;no&#8221;]<strong>Wyg\u0142adzaj\u0105cy krem \u200b\u200bBB z filtrem SPF 15<\/strong><\/p>\n<p>Pozb\u0105d\u017a si\u0119 k\u0142opotu nak\u0142adania ochrony SPF na krem \u200b\u200bnawil\u017caj\u0105cy i podk\u0142ad! Dzi\u0119ki zawarto\u015bci organicznej i lekkiej formule BB Skinmatrix pomaga ukry\u0107 niedoskona\u0142o\u015bci sk\u00f3ry bez zatykania por\u00f3w. Pomaga sk\u00f3rze odzyska\u0107 m\u0142odzie\u0144czy wygl\u0105d, bez widocznych oznak starzenia. Zapewnia g\u0142adki wygl\u0105d, przywracaj\u0105c sk\u00f3rze nawil\u017cenie, kt\u00f3rego potrzebuje. Nie zawiera silikonu i paraben\u00f3w.<\/p>\n<p>\u2022 Ekstrakt z Salicornia Herbacea, kt\u00f3ry zwi\u0119ksza produkcj\u0119 naturalnych czynnik\u00f3w nawil\u017caj\u0105cych w sk\u00f3rze.<\/p>\n<p>\u2022 Sok z li\u015bci aloesu, kt\u00f3ry pomaga od\u017cywi\u0107 i odnowi\u0107 sk\u00f3r\u0119,<\/p>\n<p>\u2022 Oferuje piel\u0119gnacj\u0119 sk\u00f3ry i ochron\u0119 przeciws\u0142oneczn\u0105, kt\u00f3ra \u0142\u0105czy moc 4 organicznych sk\u0142adnik\u00f3w, w tym korzenia Konjac Manan z filtrem SPF 30, kt\u00f3ry pomaga zr\u00f3wnowa\u017cy\u0107 poziom pH sk\u00f3ry i utrzyma\u0107 sk\u00f3r\u0119 bez skazy.[\/vc_column_text][\/vc_column][vc_column width=&#8221;1\/2&#8243;]\n\t\t<div id=\"wd-67b4a8b701d44\" class=\"title-wrapper wd-wpb set-mb-s reset-last-child  wd-rs-67b4a8b701d44 wd-title-color-default wd-title-style-default text-left vc_custom_1739892888827 wd-underline-colored\">\n\t\t\t\n\t\t\t<div class=\"liner-continer\">\n\t\t\t\t<h4 class=\"woodmart-title-container title  wd-font-weight- wd-fontsize-l\" >Doskona\u0142e korzy\u015bci<\/h4>\n\t\t\t\t\t\t\t<\/div>\n\t\t\t\n\t\t\t\n\t\t\t\n\t\t<\/div>\n\t\t\n\t\t[vc_column_text css=&#8221;&#8221; woodmart_inline=&#8221;no&#8221; text_larger=&#8221;no&#8221;]Nasz organiczny krem \u200b\u200bBB od\u017cywia, chroni i ujawnia naturalne pi\u0119kno sk\u00f3ry dzi\u0119ki swoim sk\u0142adnikom: Salicornia Herbacea, organiczny olej s\u0142onecznikowy, s\u00f3l morska, tlenek cynku, ekstrakt z korzenia konjac i organiczny aloes. Dodatkowo, dzi\u0119ki zawarto\u015bci SPF 15, chroni sk\u00f3r\u0119 przed szkodliwym dzia\u0142aniem s\u0142o\u0144ca.<\/p>\n<ul>\n<li>Salicornia Herbacea: nawil\u017ca sk\u00f3r\u0119 i utrzymuje r\u00f3wnowag\u0119 wilgoci sk\u00f3ry, zapewniaj\u0105c w ten spos\u00f3b mi\u0119kki i elastyczny wygl\u0105d sk\u00f3ry.<\/li>\n<li>Organiczny olej s\u0142onecznikowy: od\u017cywia i naprawia sk\u00f3r\u0119 oraz pomaga zachowa\u0107 m\u0142odo\u015b\u0107 sk\u00f3ry dzi\u0119ki swoim w\u0142a\u015bciwo\u015bciom antyoksydacyjnym.<\/li>\n<li>S\u00f3l morska: oczyszcza sk\u00f3r\u0119, ma w\u0142a\u015bciwo\u015bci r\u00f3wnowa\u017c\u0105ce i wyr\u00f3wnuje koloryt sk\u00f3ry.<\/li>\n<li>Tlenek cynku i SPF 15: chroni sk\u00f3r\u0119 przed szkodliwym promieniowaniem UV s\u0142o\u0144ca, zmniejsza oznaki przedwczesnego starzenia i zapobiega powstawaniu plam s\u0142onecznych.<\/li>\n<li>Ekstrakt z korzenia konjac: poprawia tekstur\u0119 sk\u00f3ry, zw\u0119\u017ca pory i wyg\u0142adza sk\u00f3r\u0119.<\/li>\n<li>Organiczny aloes: Koi sk\u00f3r\u0119, \u0142agodzi podra\u017cnienia, nawil\u017ca i pomaga sk\u00f3rze uzyska\u0107 naturalny po\u0142ysk.<\/li>\n<\/ul>\n<p>Ten organiczny krem \u200b\u200bBB chroni sk\u00f3r\u0119 przed szkodliwym dzia\u0142aniem s\u0142o\u0144ca, a tak\u017ce od\u017cywia, nawil\u017ca i sprawia, \u017ce \u200b\u200bsk\u00f3ra wygl\u0105da na g\u0142adsz\u0105 i m\u0142odsz\u0105. Zapewnia troskliw\u0105 opiek\u0119 Twojej sk\u00f3rze dzi\u0119ki naturalnym sk\u0142adnikom i ujawnia Twoje naturalne pi\u0119kno.[\/vc_column_text][\/vc_column][\/vc_row][vc_row][vc_column width=&#8221;1\/6&#8243; offset=&#8221;vc_col-xs-6&#8243; woodmart_css_id=&#8221;66211630efa8e&#8221; parallax_scroll=&#8221;no&#8221; woodmart_sticky_column=&#8221;false&#8221; wd_collapsible_content_switcher=&#8221;no&#8221; wd_column_role_offcanvas_desktop=&#8221;no&#8221; wd_column_role_offcanvas_tablet=&#8221;no&#8221; wd_column_role_offcanvas_mobile=&#8221;no&#8221; wd_column_role_content_desktop=&#8221;no&#8221; wd_column_role_content_tablet=&#8221;no&#8221; wd_column_role_content_mobile=&#8221;no&#8221; mobile_bg_img_hidden=&#8221;no&#8221; tablet_bg_img_hidden=&#8221;no&#8221; woodmart_parallax=&#8221;0&#8243; woodmart_box_shadow=&#8221;no&#8221; responsive_spacing=&#8221;eyJwYXJhbV90eXBlIjoid29vZG1hcnRfcmVzcG9uc2l2ZV9zcGFjaW5nIiwic2VsZWN0b3JfaWQiOiI2NjIxMTYzMGVmYThlIiwic2hvcnRjb2RlIjoidmNfY29sdW1uIiwiZGF0YSI6eyJ0YWJsZXQiOnt9LCJtb2JpbGUiOnt9fX0=&#8221; mobile_reset_margin=&#8221;no&#8221; tablet_reset_margin=&#8221;no&#8221; wd_z_index=&#8221;no&#8221;][vc_single_image image=&#8221;643&#8243; img_size=&#8221;full&#8221; alignment=&#8221;center&#8221; css=&#8221;.vc_custom_1713445235818{margin-bottom: 0px !important;}&#8221; parallax_scroll=&#8221;no&#8221; woodmart_inline=&#8221;no&#8221;][\/vc_column][vc_column width=&#8221;1\/6&#8243; offset=&#8221;vc_col-xs-6&#8243; woodmart_css_id=&#8221;662116378a7c8&#8243; parallax_scroll=&#8221;no&#8221; woodmart_sticky_column=&#8221;false&#8221; wd_collapsible_content_switcher=&#8221;no&#8221; wd_column_role_offcanvas_desktop=&#8221;no&#8221; wd_column_role_offcanvas_tablet=&#8221;no&#8221; wd_column_role_offcanvas_mobile=&#8221;no&#8221; wd_column_role_content_desktop=&#8221;no&#8221; wd_column_role_content_tablet=&#8221;no&#8221; wd_column_role_content_mobile=&#8221;no&#8221; mobile_bg_img_hidden=&#8221;no&#8221; tablet_bg_img_hidden=&#8221;no&#8221; woodmart_parallax=&#8221;0&#8243; woodmart_box_shadow=&#8221;no&#8221; responsive_spacing=&#8221;eyJwYXJhbV90eXBlIjoid29vZG1hcnRfcmVzcG9uc2l2ZV9zcGFjaW5nIiwic2VsZWN0b3JfaWQiOiI2NjIxMTYzNzhhN2M4Iiwic2hvcnRjb2RlIjoidmNfY29sdW1uIiwiZGF0YSI6eyJ0YWJsZXQiOnt9LCJtb2JpbGUiOnt9fX0=&#8221; mobile_reset_margin=&#8221;no&#8221; tablet_reset_margin=&#8221;no&#8221; wd_z_index=&#8221;no&#8221;][vc_single_image image=&#8221;644&#8243; img_size=&#8221;full&#8221; alignment=&#8221;center&#8221; css=&#8221;.vc_custom_1713444338210{margin-bottom: 0px !important;}&#8221; parallax_scroll=&#8221;no&#8221; woodmart_inline=&#8221;no&#8221;][\/vc_column][vc_column width=&#8221;1\/6&#8243; offset=&#8221;vc_col-xs-6&#8243; woodmart_css_id=&#8221;6621163cc1f9c&#8221; parallax_scroll=&#8221;no&#8221; woodmart_sticky_column=&#8221;false&#8221; wd_collapsible_content_switcher=&#8221;no&#8221; wd_column_role_offcanvas_desktop=&#8221;no&#8221; wd_column_role_offcanvas_tablet=&#8221;no&#8221; wd_column_role_offcanvas_mobile=&#8221;no&#8221; wd_column_role_content_desktop=&#8221;no&#8221; wd_column_role_content_tablet=&#8221;no&#8221; wd_column_role_content_mobile=&#8221;no&#8221; mobile_bg_img_hidden=&#8221;no&#8221; tablet_bg_img_hidden=&#8221;no&#8221; woodmart_parallax=&#8221;0&#8243; woodmart_box_shadow=&#8221;no&#8221; responsive_spacing=&#8221;eyJwYXJhbV90eXBlIjoid29vZG1hcnRfcmVzcG9uc2l2ZV9zcGFjaW5nIiwic2VsZWN0b3JfaWQiOiI2NjIxMTYzY2MxZjljIiwic2hvcnRjb2RlIjoidmNfY29sdW1uIiwiZGF0YSI6eyJ0YWJsZXQiOnt9LCJtb2JpbGUiOnt9fX0=&#8221; mobile_reset_margin=&#8221;no&#8221; tablet_reset_margin=&#8221;no&#8221; wd_z_index=&#8221;no&#8221;][vc_single_image image=&#8221;645&#8243; img_size=&#8221;full&#8221; alignment=&#8221;center&#8221; css=&#8221;.vc_custom_1713445106981{margin-bottom: 0px !important;}&#8221; parallax_scroll=&#8221;no&#8221; woodmart_inline=&#8221;no&#8221;][\/vc_column][vc_column width=&#8221;1\/6&#8243; offset=&#8221;vc_col-xs-6&#8243; woodmart_css_id=&#8221;6621164142cd5&#8243; parallax_scroll=&#8221;no&#8221; woodmart_sticky_column=&#8221;false&#8221; wd_collapsible_content_switcher=&#8221;no&#8221; wd_column_role_offcanvas_desktop=&#8221;no&#8221; wd_column_role_offcanvas_tablet=&#8221;no&#8221; wd_column_role_offcanvas_mobile=&#8221;no&#8221; wd_column_role_content_desktop=&#8221;no&#8221; wd_column_role_content_tablet=&#8221;no&#8221; wd_column_role_content_mobile=&#8221;no&#8221; mobile_bg_img_hidden=&#8221;no&#8221; tablet_bg_img_hidden=&#8221;no&#8221; woodmart_parallax=&#8221;0&#8243; woodmart_box_shadow=&#8221;no&#8221; responsive_spacing=&#8221;eyJwYXJhbV90eXBlIjoid29vZG1hcnRfcmVzcG9uc2l2ZV9zcGFjaW5nIiwic2VsZWN0b3JfaWQiOiI2NjIxMTY0MTQyY2Q1Iiwic2hvcnRjb2RlIjoidmNfY29sdW1uIiwiZGF0YSI6eyJ0YWJsZXQiOnt9LCJtb2JpbGUiOnt9fX0=&#8221; mobile_reset_margin=&#8221;no&#8221; tablet_reset_margin=&#8221;no&#8221; wd_z_index=&#8221;no&#8221;][vc_single_image image=&#8221;646&#8243; img_size=&#8221;full&#8221; alignment=&#8221;center&#8221; css=&#8221;.vc_custom_1713444356645{margin-bottom: 0px !important;}&#8221; parallax_scroll=&#8221;no&#8221; woodmart_inline=&#8221;no&#8221;][\/vc_column][vc_column width=&#8221;1\/6&#8243; offset=&#8221;vc_col-xs-6&#8243; woodmart_css_id=&#8221;662116455e0a6&#8243; parallax_scroll=&#8221;no&#8221; woodmart_sticky_column=&#8221;false&#8221; wd_collapsible_content_switcher=&#8221;no&#8221; wd_column_role_offcanvas_desktop=&#8221;no&#8221; wd_column_role_offcanvas_tablet=&#8221;no&#8221; wd_column_role_offcanvas_mobile=&#8221;no&#8221; wd_column_role_content_desktop=&#8221;no&#8221; wd_column_role_content_tablet=&#8221;no&#8221; wd_column_role_content_mobile=&#8221;no&#8221; mobile_bg_img_hidden=&#8221;no&#8221; tablet_bg_img_hidden=&#8221;no&#8221; woodmart_parallax=&#8221;0&#8243; woodmart_box_shadow=&#8221;no&#8221; responsive_spacing=&#8221;eyJwYXJhbV90eXBlIjoid29vZG1hcnRfcmVzcG9uc2l2ZV9zcGFjaW5nIiwic2VsZWN0b3JfaWQiOiI2NjIxMTY0NTVlMGE2Iiwic2hvcnRjb2RlIjoidmNfY29sdW1uIiwiZGF0YSI6eyJ0YWJsZXQiOnt9LCJtb2JpbGUiOnt9fX0=&#8221; mobile_reset_margin=&#8221;no&#8221; tablet_reset_margin=&#8221;no&#8221; wd_z_index=&#8221;no&#8221;][vc_single_image image=&#8221;639&#8243; img_size=&#8221;full&#8221; alignment=&#8221;center&#8221; css=&#8221;.vc_custom_1713445228745{margin-bottom: 0px !important;}&#8221; parallax_scroll=&#8221;no&#8221; woodmart_inline=&#8221;no&#8221;][\/vc_column][vc_column width=&#8221;1\/6&#8243; offset=&#8221;vc_col-xs-6&#8243; woodmart_css_id=&#8221;662116494373d&#8221; parallax_scroll=&#8221;no&#8221; woodmart_sticky_column=&#8221;false&#8221; wd_collapsible_content_switcher=&#8221;no&#8221; wd_column_role_offcanvas_desktop=&#8221;no&#8221; wd_column_role_offcanvas_tablet=&#8221;no&#8221; wd_column_role_offcanvas_mobile=&#8221;no&#8221; wd_column_role_content_desktop=&#8221;no&#8221; wd_column_role_content_tablet=&#8221;no&#8221; wd_column_role_content_mobile=&#8221;no&#8221; mobile_bg_img_hidden=&#8221;no&#8221; tablet_bg_img_hidden=&#8221;no&#8221; woodmart_parallax=&#8221;0&#8243; woodmart_box_shadow=&#8221;no&#8221; responsive_spacing=&#8221;eyJwYXJhbV90eXBlIjoid29vZG1hcnRfcmVzcG9uc2l2ZV9zcGFjaW5nIiwic2VsZWN0b3JfaWQiOiI2NjIxMTY0OTQzNzNkIiwic2hvcnRjb2RlIjoidmNfY29sdW1uIiwiZGF0YSI6eyJ0YWJsZXQiOnt9LCJtb2JpbGUiOnt9fX0=&#8221; mobile_reset_margin=&#8221;no&#8221; tablet_reset_margin=&#8221;no&#8221; wd_z_index=&#8221;no&#8221;][vc_single_image image=&#8221;642&#8243; img_size=&#8221;full&#8221; alignment=&#8221;center&#8221; css=&#8221;.vc_custom_1713444367937{margin-bottom: 0px !important;}&#8221; parallax_scroll=&#8221;no&#8221; woodmart_inline=&#8221;no&#8221;][\/vc_column][\/vc_row][vc_row el_class=&#8221;mobile-none&#8221; woodmart_css_id=&#8221;6620f93a5d2fd&#8221; responsive_spacing=&#8221;eyJwYXJhbV90eXBlIjoid29vZG1hcnRfcmVzcG9uc2l2ZV9zcGFjaW5nIiwic2VsZWN0b3JfaWQiOiI2NjIwZjkzYTVkMmZkIiwic2hvcnRjb2RlIjoidmNfcm93IiwiZGF0YSI6eyJ0YWJsZXQiOnt9LCJtb2JpbGUiOnt9fX0=&#8221; mobile_bg_img_hidden=&#8221;no&#8221; tablet_bg_img_hidden=&#8221;no&#8221; woodmart_parallax=&#8221;0&#8243; woodmart_gradient_switch=&#8221;no&#8221; woodmart_box_shadow=&#8221;no&#8221; wd_z_index=&#8221;no&#8221; woodmart_disable_overflow=&#8221;0&#8243; row_reverse_mobile=&#8221;0&#8243; row_reverse_tablet=&#8221;0&#8243;][vc_column][vc_single_image image=&#8221;1892&#8243; img_size=&#8221;full&#8221; css=&#8221;.vc_custom_1741045082402{margin-bottom: 0px !important;}&#8221; parallax_scroll=&#8221;no&#8221; woodmart_inline=&#8221;no&#8221;][\/vc_column][\/vc_row][vc_row el_class=&#8221;pc-none&#8221; woodmart_css_id=&#8221;6620f94156b19&#8243; responsive_spacing=&#8221;eyJwYXJhbV90eXBlIjoid29vZG1hcnRfcmVzcG9uc2l2ZV9zcGFjaW5nIiwic2VsZWN0b3JfaWQiOiI2NjIwZjk0MTU2YjE5Iiwic2hvcnRjb2RlIjoidmNfcm93IiwiZGF0YSI6eyJ0YWJsZXQiOnt9LCJtb2JpbGUiOnt9fX0=&#8221; mobile_bg_img_hidden=&#8221;no&#8221; tablet_bg_img_hidden=&#8221;no&#8221; woodmart_parallax=&#8221;0&#8243; woodmart_gradient_switch=&#8221;no&#8221; woodmart_box_shadow=&#8221;no&#8221; wd_z_index=&#8221;no&#8221; woodmart_disable_overflow=&#8221;0&#8243; row_reverse_mobile=&#8221;0&#8243; row_reverse_tablet=&#8221;0&#8243;][vc_column][vc_single_image image=&#8221;1895&#8243; img_size=&#8221;full&#8221; css=&#8221;.vc_custom_1741045091685{margin-bottom: 0px !important;}&#8221; parallax_scroll=&#8221;no&#8221; woodmart_inline=&#8221;no&#8221;][\/vc_column][\/vc_row]<\/p>\n<\/div>","protected":false},"excerpt":{"rendered":"<p>Kolorowy produkt do piel\u0119gnacji sk\u00f3ry. Dzi\u0119ki jedwabistej konsystencji i lekkiej konsystencji zapewnia naturalny wygl\u0105d sk\u00f3ry, jednocze\u015bnie zakrywaj\u0105c niedoskona\u0142o\u015bci. Filtry mineralne UVA i UVB pomagaj\u0105 zapobiega\u0107 przedwczesnemu starzeniu si\u0119 sk\u00f3ry. Dzi\u0119ki ekstraktowi z Salicornia Herbacea stymuluje dzia\u0142anie naturalnych czynnik\u00f3w nawil\u017caj\u0105cych na sk\u00f3r\u0119 i zapewnia d\u0142ugotrwa\u0142e nawil\u017cenie.<\/p>\n<p><strong>99,9% naturalny, 30% organiczny<\/strong><\/p>\n","protected":false},"featured_media":1644,"comment_status":"open","ping_status":"closed","template":"","meta":{"rank_math_lock_modified_date":false},"product_brand":[],"product_cat":[36],"product_tag":[],"class_list":{"0":"post-1642","1":"product","2":"type-product","3":"status-publish","4":"has-post-thumbnail","6":"product_cat-general-pl","8":"first","9":"outofstock","10":"shipping-taxable","11":"purchasable","12":"product-type-simple"},"_links":{"self":[{"href":"https:\/\/internationalplusorganics.com\/pl\/wp-json\/wp\/v2\/product\/1642","targetHints":{"allow":["GET"]}}],"collection":[{"href":"https:\/\/internationalplusorganics.com\/pl\/wp-json\/wp\/v2\/product"}],"about":[{"href":"https:\/\/internationalplusorganics.com\/pl\/wp-json\/wp\/v2\/types\/product"}],"replies":[{"embeddable":true,"href":"https:\/\/internationalplusorganics.com\/pl\/wp-json\/wp\/v2\/comments?post=1642"}],"wp:featuredmedia":[{"embeddable":true,"href":"https:\/\/internationalplusorganics.com\/pl\/wp-json\/wp\/v2\/media\/1644"}],"wp:attachment":[{"href":"https:\/\/internationalplusorganics.com\/pl\/wp-json\/wp\/v2\/media?parent=1642"}],"wp:term":[{"taxonomy":"product_brand","embeddable":true,"href":"https:\/\/internationalplusorganics.com\/pl\/wp-json\/wp\/v2\/product_brand?post=1642"},{"taxonomy":"product_cat","embeddable":true,"href":"https:\/\/internationalplusorganics.com\/pl\/wp-json\/wp\/v2\/product_cat?post=1642"},{"taxonomy":"product_tag","embeddable":true,"href":"https:\/\/internationalplusorganics.com\/pl\/wp-json\/wp\/v2\/product_tag?post=1642"}],"curies":[{"name":"wp","href":"https:\/\/api.w.org\/{rel}","templated":true}]}}