{"id":1573,"date":"2024-04-15T16:05:48","date_gmt":"2024-04-15T13:05:48","guid":{"rendered":"https:\/\/internationalplusorganics.com\/product\/shine\/"},"modified":"2025-03-04T02:36:04","modified_gmt":"2025-03-03T23:36:04","slug":"shine","status":"publish","type":"product","link":"https:\/\/internationalplusorganics.com\/pl\/produkt\/shine\/","title":{"rendered":"Shine"},"content":{"rendered":"<div class=\"wpb-content-wrapper\"><p>[vc_row][vc_column width=&#8221;1\/2&#8243;]\n\t\t<div id=\"wd-67b49b52b55b5\" class=\"title-wrapper wd-wpb set-mb-s reset-last-child  wd-rs-67b49b52b55b5 wd-title-color-default wd-title-style-default text-left vc_custom_1739889462305 wd-underline-colored\">\n\t\t\t\n\t\t\t<div class=\"liner-continer\">\n\t\t\t\t<h4 class=\"woodmart-title-container title  wd-font-weight- wd-fontsize-l\" >Opis produktu<\/h4>\n\t\t\t\t\t\t\t<\/div>\n\t\t\t\n\t\t\t\n\t\t\t\n\t\t<\/div>\n\t\t\n\t\t[vc_column_text css=&#8221;&#8221; woodmart_inline=&#8221;no&#8221; text_larger=&#8221;no&#8221;]<strong>Hyaluronic Acid Face Mousturizer Bomb<\/strong><\/p>\n<p>Czysty kwas hialuronowy; intensywnie od\u017cywia sk\u00f3r\u0119 dzi\u0119ki swojemu wysokiemu efektowi nawil\u017caj\u0105cemu i wype\u0142niaj\u0105cemu.<\/p>\n<p>Pomaga nawil\u017ca\u0107 i redukowa\u0107 zmarszczki dzi\u0119ki swojemu efektowi wype\u0142niaj\u0105cemu.<\/p>\n<p>\u2022 Ekstrakt z Salicornia Herbacea, kt\u00f3ry zwi\u0119ksza produkcj\u0119 naturalnych czynnik\u00f3w nawil\u017caj\u0105cych w sk\u00f3rze.<\/p>\n<p>\u2022 Sok z li\u015bci aloesu, kt\u00f3ry pomaga od\u017cywia\u0107 i odnawia\u0107 sk\u00f3r\u0119, r\u00f3wnowa\u017cy\u0107 poziom pH sk\u00f3ry i utrzymywa\u0107 sk\u00f3r\u0119 bez skazy.<\/p>\n<p>\u2022 Oferuje piel\u0119gnacj\u0119 sk\u00f3ry i ochron\u0119 przeciws\u0142oneczn\u0105, \u0142\u0105cz\u0105c moc 4 organicznych sk\u0142adnik\u00f3w, w tym Konjac Root Manan z SPF 30.[\/vc_column_text][\/vc_column][vc_column width=&#8221;1\/2&#8243;]\n\t\t<div id=\"wd-6620fd4693e60\" class=\"title-wrapper wd-wpb set-mb-s reset-last-child  wd-rs-6620fd4693e60 wd-title-color-default wd-title-style-default text-left vc_custom_1713438025507 wd-underline-colored\">\n\t\t\t\n\t\t\t<div class=\"liner-continer\">\n\t\t\t\t<h4 class=\"woodmart-title-container title  wd-font-weight- wd-fontsize-l\" >Shine Benefits<\/h4>\n\t\t\t\t\t\t\t<\/div>\n\t\t\t\n\t\t\t\n\t\t\t\n\t\t<\/div>\n\t\t\n\t\t[vc_column_text css=&#8221;&#8221; woodmart_inline=&#8221;no&#8221; text_larger=&#8221;no&#8221;]Nasz krem \u200b\u200bnawil\u017caj\u0105cy, zawieraj\u0105cy kwas hialuronowy, Salicornia Herbacea, tlenek cynku, ekstrakt z korzenia konjac i organiczny aloes, od\u017cywia i chroni sk\u00f3r\u0119, jednocze\u015bnie g\u0142\u0119boko j\u0105 nawil\u017caj\u0105c. Ka\u017cdy sk\u0142adnik przyczynia si\u0119 do zdrowia sk\u00f3ry i ujawnia jej naturalne pi\u0119kno.<\/p>\n<ul>\n<li>Kwas hialuronowy: g\u0142\u0119boko nawil\u017ca sk\u00f3r\u0119, redukuje zmarszczki i uj\u0119drnia, zapewniaj\u0105c m\u0142ody i promienny wygl\u0105d sk\u00f3ry.<\/li>\n<li>Salicornia Herbacea: chroni naturaln\u0105 r\u00f3wnowag\u0119 wilgoci sk\u00f3ry, zwi\u0119ksza elastyczno\u015b\u0107 sk\u00f3ry i nawil\u017ca such\u0105 sk\u00f3r\u0119, pomagaj\u0105c uzyska\u0107 g\u0142adki wygl\u0105d sk\u00f3ry.<\/li>\n<li>Tlenek cynku: chroni sk\u00f3r\u0119 przed podra\u017cnieniami, ma w\u0142a\u015bciwo\u015bci przeciwzapalne i wzmacnia naturaln\u0105 barier\u0119 ochronn\u0105 sk\u00f3ry.<\/li>\n<li>Ekstrakt z korzenia konjac: napina sk\u00f3r\u0119, oczyszcza pory i dodaje witalno\u015bci sk\u00f3rze.<\/li>\n<li>Organiczny aloes: uspokaja, koi i nawil\u017ca sk\u00f3r\u0119, koi sk\u00f3r\u0119 i zmniejsza wra\u017cliwo\u015b\u0107.<\/li>\n<\/ul>\n<p>Po\u0142\u0105czenie tych silnych sk\u0142adnik\u00f3w nawil\u017ca sk\u00f3r\u0119, a tak\u017ce od\u017cywia, chroni i nadaje jej m\u0142odzie\u0144czy wygl\u0105d. Oferuje ca\u0142\u0105 piel\u0119gnacj\u0119, jakiej potrzebuje Twoja sk\u00f3ra, dzi\u0119ki naturalnym i organicznym sk\u0142adnikom i pomaga uzyska\u0107 zdrow\u0105 i jasn\u0105 cer\u0119.[\/vc_column_text][\/vc_column][\/vc_row][vc_row][vc_column width=&#8221;1\/6&#8243; offset=&#8221;vc_col-xs-6&#8243; woodmart_css_id=&#8221;66211630efa8e&#8221; parallax_scroll=&#8221;no&#8221; woodmart_sticky_column=&#8221;false&#8221; wd_collapsible_content_switcher=&#8221;no&#8221; wd_column_role_offcanvas_desktop=&#8221;no&#8221; wd_column_role_offcanvas_tablet=&#8221;no&#8221; wd_column_role_offcanvas_mobile=&#8221;no&#8221; wd_column_role_content_desktop=&#8221;no&#8221; wd_column_role_content_tablet=&#8221;no&#8221; wd_column_role_content_mobile=&#8221;no&#8221; mobile_bg_img_hidden=&#8221;no&#8221; tablet_bg_img_hidden=&#8221;no&#8221; woodmart_parallax=&#8221;0&#8243; woodmart_box_shadow=&#8221;no&#8221; responsive_spacing=&#8221;eyJwYXJhbV90eXBlIjoid29vZG1hcnRfcmVzcG9uc2l2ZV9zcGFjaW5nIiwic2VsZWN0b3JfaWQiOiI2NjIxMTYzMGVmYThlIiwic2hvcnRjb2RlIjoidmNfY29sdW1uIiwiZGF0YSI6eyJ0YWJsZXQiOnt9LCJtb2JpbGUiOnt9fX0=&#8221; mobile_reset_margin=&#8221;no&#8221; tablet_reset_margin=&#8221;no&#8221; wd_z_index=&#8221;no&#8221;][vc_single_image image=&#8221;643&#8243; img_size=&#8221;full&#8221; alignment=&#8221;center&#8221; css=&#8221;.vc_custom_1713444329751{margin-bottom: 0px !important;}&#8221; parallax_scroll=&#8221;no&#8221; woodmart_inline=&#8221;no&#8221;][\/vc_column][vc_column width=&#8221;1\/6&#8243; offset=&#8221;vc_col-xs-6&#8243; woodmart_css_id=&#8221;662116378a7c8&#8243; parallax_scroll=&#8221;no&#8221; woodmart_sticky_column=&#8221;false&#8221; wd_collapsible_content_switcher=&#8221;no&#8221; wd_column_role_offcanvas_desktop=&#8221;no&#8221; wd_column_role_offcanvas_tablet=&#8221;no&#8221; wd_column_role_offcanvas_mobile=&#8221;no&#8221; wd_column_role_content_desktop=&#8221;no&#8221; wd_column_role_content_tablet=&#8221;no&#8221; wd_column_role_content_mobile=&#8221;no&#8221; mobile_bg_img_hidden=&#8221;no&#8221; tablet_bg_img_hidden=&#8221;no&#8221; woodmart_parallax=&#8221;0&#8243; woodmart_box_shadow=&#8221;no&#8221; responsive_spacing=&#8221;eyJwYXJhbV90eXBlIjoid29vZG1hcnRfcmVzcG9uc2l2ZV9zcGFjaW5nIiwic2VsZWN0b3JfaWQiOiI2NjIxMTYzNzhhN2M4Iiwic2hvcnRjb2RlIjoidmNfY29sdW1uIiwiZGF0YSI6eyJ0YWJsZXQiOnt9LCJtb2JpbGUiOnt9fX0=&#8221; mobile_reset_margin=&#8221;no&#8221; tablet_reset_margin=&#8221;no&#8221; wd_z_index=&#8221;no&#8221;][vc_single_image image=&#8221;644&#8243; img_size=&#8221;full&#8221; alignment=&#8221;center&#8221; css=&#8221;.vc_custom_1713444338210{margin-bottom: 0px !important;}&#8221; parallax_scroll=&#8221;no&#8221; woodmart_inline=&#8221;no&#8221;][\/vc_column][vc_column width=&#8221;1\/6&#8243; offset=&#8221;vc_col-xs-6&#8243; woodmart_css_id=&#8221;6621163cc1f9c&#8221; parallax_scroll=&#8221;no&#8221; woodmart_sticky_column=&#8221;false&#8221; wd_collapsible_content_switcher=&#8221;no&#8221; wd_column_role_offcanvas_desktop=&#8221;no&#8221; wd_column_role_offcanvas_tablet=&#8221;no&#8221; wd_column_role_offcanvas_mobile=&#8221;no&#8221; wd_column_role_content_desktop=&#8221;no&#8221; wd_column_role_content_tablet=&#8221;no&#8221; wd_column_role_content_mobile=&#8221;no&#8221; mobile_bg_img_hidden=&#8221;no&#8221; tablet_bg_img_hidden=&#8221;no&#8221; woodmart_parallax=&#8221;0&#8243; woodmart_box_shadow=&#8221;no&#8221; responsive_spacing=&#8221;eyJwYXJhbV90eXBlIjoid29vZG1hcnRfcmVzcG9uc2l2ZV9zcGFjaW5nIiwic2VsZWN0b3JfaWQiOiI2NjIxMTYzY2MxZjljIiwic2hvcnRjb2RlIjoidmNfY29sdW1uIiwiZGF0YSI6eyJ0YWJsZXQiOnt9LCJtb2JpbGUiOnt9fX0=&#8221; mobile_reset_margin=&#8221;no&#8221; tablet_reset_margin=&#8221;no&#8221; wd_z_index=&#8221;no&#8221;][vc_single_image image=&#8221;637&#8243; img_size=&#8221;full&#8221; alignment=&#8221;center&#8221; css=&#8221;.vc_custom_1713444350914{margin-bottom: 0px !important;}&#8221; parallax_scroll=&#8221;no&#8221; woodmart_inline=&#8221;no&#8221;][\/vc_column][vc_column width=&#8221;1\/6&#8243; offset=&#8221;vc_col-xs-6&#8243; woodmart_css_id=&#8221;6621164142cd5&#8243; parallax_scroll=&#8221;no&#8221; woodmart_sticky_column=&#8221;false&#8221; wd_collapsible_content_switcher=&#8221;no&#8221; wd_column_role_offcanvas_desktop=&#8221;no&#8221; wd_column_role_offcanvas_tablet=&#8221;no&#8221; wd_column_role_offcanvas_mobile=&#8221;no&#8221; wd_column_role_content_desktop=&#8221;no&#8221; wd_column_role_content_tablet=&#8221;no&#8221; wd_column_role_content_mobile=&#8221;no&#8221; mobile_bg_img_hidden=&#8221;no&#8221; tablet_bg_img_hidden=&#8221;no&#8221; woodmart_parallax=&#8221;0&#8243; woodmart_box_shadow=&#8221;no&#8221; responsive_spacing=&#8221;eyJwYXJhbV90eXBlIjoid29vZG1hcnRfcmVzcG9uc2l2ZV9zcGFjaW5nIiwic2VsZWN0b3JfaWQiOiI2NjIxMTY0MTQyY2Q1Iiwic2hvcnRjb2RlIjoidmNfY29sdW1uIiwiZGF0YSI6eyJ0YWJsZXQiOnt9LCJtb2JpbGUiOnt9fX0=&#8221; mobile_reset_margin=&#8221;no&#8221; tablet_reset_margin=&#8221;no&#8221; wd_z_index=&#8221;no&#8221;][vc_single_image image=&#8221;646&#8243; img_size=&#8221;full&#8221; alignment=&#8221;center&#8221; css=&#8221;.vc_custom_1713444356645{margin-bottom: 0px !important;}&#8221; parallax_scroll=&#8221;no&#8221; woodmart_inline=&#8221;no&#8221;][\/vc_column][vc_column width=&#8221;1\/6&#8243; offset=&#8221;vc_col-xs-6&#8243; woodmart_css_id=&#8221;662116455e0a6&#8243; parallax_scroll=&#8221;no&#8221; woodmart_sticky_column=&#8221;false&#8221; wd_collapsible_content_switcher=&#8221;no&#8221; wd_column_role_offcanvas_desktop=&#8221;no&#8221; wd_column_role_offcanvas_tablet=&#8221;no&#8221; wd_column_role_offcanvas_mobile=&#8221;no&#8221; wd_column_role_content_desktop=&#8221;no&#8221; wd_column_role_content_tablet=&#8221;no&#8221; wd_column_role_content_mobile=&#8221;no&#8221; mobile_bg_img_hidden=&#8221;no&#8221; tablet_bg_img_hidden=&#8221;no&#8221; woodmart_parallax=&#8221;0&#8243; woodmart_box_shadow=&#8221;no&#8221; responsive_spacing=&#8221;eyJwYXJhbV90eXBlIjoid29vZG1hcnRfcmVzcG9uc2l2ZV9zcGFjaW5nIiwic2VsZWN0b3JfaWQiOiI2NjIxMTY0NTVlMGE2Iiwic2hvcnRjb2RlIjoidmNfY29sdW1uIiwiZGF0YSI6eyJ0YWJsZXQiOnt9LCJtb2JpbGUiOnt9fX0=&#8221; mobile_reset_margin=&#8221;no&#8221; tablet_reset_margin=&#8221;no&#8221; wd_z_index=&#8221;no&#8221;][vc_single_image image=&#8221;647&#8243; img_size=&#8221;full&#8221; alignment=&#8221;center&#8221; css=&#8221;.vc_custom_1713444362010{margin-bottom: 0px !important;}&#8221; parallax_scroll=&#8221;no&#8221; woodmart_inline=&#8221;no&#8221;][\/vc_column][vc_column width=&#8221;1\/6&#8243; offset=&#8221;vc_col-xs-6&#8243; woodmart_css_id=&#8221;662116494373d&#8221; parallax_scroll=&#8221;no&#8221; woodmart_sticky_column=&#8221;false&#8221; wd_collapsible_content_switcher=&#8221;no&#8221; wd_column_role_offcanvas_desktop=&#8221;no&#8221; wd_column_role_offcanvas_tablet=&#8221;no&#8221; wd_column_role_offcanvas_mobile=&#8221;no&#8221; wd_column_role_content_desktop=&#8221;no&#8221; wd_column_role_content_tablet=&#8221;no&#8221; wd_column_role_content_mobile=&#8221;no&#8221; mobile_bg_img_hidden=&#8221;no&#8221; tablet_bg_img_hidden=&#8221;no&#8221; woodmart_parallax=&#8221;0&#8243; woodmart_box_shadow=&#8221;no&#8221; responsive_spacing=&#8221;eyJwYXJhbV90eXBlIjoid29vZG1hcnRfcmVzcG9uc2l2ZV9zcGFjaW5nIiwic2VsZWN0b3JfaWQiOiI2NjIxMTY0OTQzNzNkIiwic2hvcnRjb2RlIjoidmNfY29sdW1uIiwiZGF0YSI6eyJ0YWJsZXQiOnt9LCJtb2JpbGUiOnt9fX0=&#8221; mobile_reset_margin=&#8221;no&#8221; tablet_reset_margin=&#8221;no&#8221; wd_z_index=&#8221;no&#8221;][vc_single_image image=&#8221;642&#8243; img_size=&#8221;full&#8221; alignment=&#8221;center&#8221; css=&#8221;.vc_custom_1713444367937{margin-bottom: 0px !important;}&#8221; parallax_scroll=&#8221;no&#8221; woodmart_inline=&#8221;no&#8221;][\/vc_column][\/vc_row][vc_row el_class=&#8221;mobile-none&#8221; woodmart_css_id=&#8221;6620f93a5d2fd&#8221; responsive_spacing=&#8221;eyJwYXJhbV90eXBlIjoid29vZG1hcnRfcmVzcG9uc2l2ZV9zcGFjaW5nIiwic2VsZWN0b3JfaWQiOiI2NjIwZjkzYTVkMmZkIiwic2hvcnRjb2RlIjoidmNfcm93IiwiZGF0YSI6eyJ0YWJsZXQiOnt9LCJtb2JpbGUiOnt9fX0=&#8221; mobile_bg_img_hidden=&#8221;no&#8221; tablet_bg_img_hidden=&#8221;no&#8221; woodmart_parallax=&#8221;0&#8243; woodmart_gradient_switch=&#8221;no&#8221; woodmart_box_shadow=&#8221;no&#8221; wd_z_index=&#8221;no&#8221; woodmart_disable_overflow=&#8221;0&#8243; row_reverse_mobile=&#8221;0&#8243; row_reverse_tablet=&#8221;0&#8243;][vc_column][vc_single_image image=&#8221;1880&#8243; img_size=&#8221;full&#8221; css=&#8221;.vc_custom_1741044939992{margin-bottom: 0px !important;}&#8221; parallax_scroll=&#8221;no&#8221; woodmart_inline=&#8221;no&#8221;][\/vc_column][\/vc_row][vc_row el_class=&#8221;pc-none&#8221; woodmart_css_id=&#8221;6620f94156b19&#8243; responsive_spacing=&#8221;eyJwYXJhbV90eXBlIjoid29vZG1hcnRfcmVzcG9uc2l2ZV9zcGFjaW5nIiwic2VsZWN0b3JfaWQiOiI2NjIwZjk0MTU2YjE5Iiwic2hvcnRjb2RlIjoidmNfcm93IiwiZGF0YSI6eyJ0YWJsZXQiOnt9LCJtb2JpbGUiOnt9fX0=&#8221; mobile_bg_img_hidden=&#8221;no&#8221; tablet_bg_img_hidden=&#8221;no&#8221; woodmart_parallax=&#8221;0&#8243; woodmart_gradient_switch=&#8221;no&#8221; woodmart_box_shadow=&#8221;no&#8221; wd_z_index=&#8221;no&#8221; woodmart_disable_overflow=&#8221;0&#8243; row_reverse_mobile=&#8221;0&#8243; row_reverse_tablet=&#8221;0&#8243;][vc_column][vc_single_image image=&#8221;1883&#8243; img_size=&#8221;full&#8221; css=&#8221;.vc_custom_1741044949251{margin-bottom: 0px !important;}&#8221; parallax_scroll=&#8221;no&#8221; woodmart_inline=&#8221;no&#8221;][\/vc_column][\/vc_row]<\/p>\n<\/div>","protected":false},"excerpt":{"rendered":"<p>Codzienny krem \u200b\u200bnawil\u017caj\u0105cy z ochron\u0105 przeciws\u0142oneczn\u0105, kt\u00f3ry mo\u017cna stosowa\u0107 przez ca\u0142y rok. Kwas hialuronowy o niskiej masie cz\u0105steczkowej wnika g\u0142\u0119boko w sk\u00f3r\u0119, zapewnia d\u0142ugotrwa\u0142e nawil\u017cenie i dzia\u0142a jako wype\u0142niacz zmarszczek. Filtry mineralne UVA zapobiegaj\u0105 przedwczesnemu starzeniu si\u0119 sk\u00f3ry. Ekstrakt z Salicornia Herbacea zwi\u0119ksza produkcj\u0119 naturalnych czynnik\u00f3w nawil\u017caj\u0105cych w sk\u00f3rze. Lekka formu\u0142a sprawia, \u017ce \u200b\u200bten krem \u200b\u200bnawil\u017caj\u0105cy jest idealn\u0105 baz\u0105 pod makija\u017c.<\/p>\n<p><strong>99,9% naturalny, 20,01% organiczny<\/strong><\/p>\n","protected":false},"featured_media":1579,"comment_status":"open","ping_status":"closed","template":"","meta":{"rank_math_lock_modified_date":false},"product_brand":[],"product_cat":[36],"product_tag":[],"class_list":{"0":"post-1573","1":"product","2":"type-product","3":"status-publish","4":"has-post-thumbnail","6":"product_cat-general-pl","8":"first","9":"outofstock","10":"shipping-taxable","11":"purchasable","12":"product-type-simple"},"_links":{"self":[{"href":"https:\/\/internationalplusorganics.com\/pl\/wp-json\/wp\/v2\/product\/1573","targetHints":{"allow":["GET"]}}],"collection":[{"href":"https:\/\/internationalplusorganics.com\/pl\/wp-json\/wp\/v2\/product"}],"about":[{"href":"https:\/\/internationalplusorganics.com\/pl\/wp-json\/wp\/v2\/types\/product"}],"replies":[{"embeddable":true,"href":"https:\/\/internationalplusorganics.com\/pl\/wp-json\/wp\/v2\/comments?post=1573"}],"wp:featuredmedia":[{"embeddable":true,"href":"https:\/\/internationalplusorganics.com\/pl\/wp-json\/wp\/v2\/media\/1579"}],"wp:attachment":[{"href":"https:\/\/internationalplusorganics.com\/pl\/wp-json\/wp\/v2\/media?parent=1573"}],"wp:term":[{"taxonomy":"product_brand","embeddable":true,"href":"https:\/\/internationalplusorganics.com\/pl\/wp-json\/wp\/v2\/product_brand?post=1573"},{"taxonomy":"product_cat","embeddable":true,"href":"https:\/\/internationalplusorganics.com\/pl\/wp-json\/wp\/v2\/product_cat?post=1573"},{"taxonomy":"product_tag","embeddable":true,"href":"https:\/\/internationalplusorganics.com\/pl\/wp-json\/wp\/v2\/product_tag?post=1573"}],"curies":[{"name":"wp","href":"https:\/\/api.w.org\/{rel}","templated":true}]}}