{"id":1532,"date":"2024-04-15T16:04:26","date_gmt":"2024-04-15T13:04:26","guid":{"rendered":"https:\/\/internationalplusorganics.com\/product\/energize\/"},"modified":"2025-03-04T02:35:08","modified_gmt":"2025-03-03T23:35:08","slug":"energize","status":"publish","type":"product","link":"https:\/\/internationalplusorganics.com\/pl\/produkt\/energize\/","title":{"rendered":"Energize"},"content":{"rendered":"<div class=\"wpb-content-wrapper\"><p>[vc_row][vc_column width=&#8221;1\/2&#8243;]\n\t\t<div id=\"wd-67b4997e527f9\" class=\"title-wrapper wd-wpb set-mb-s reset-last-child  wd-rs-67b4997e527f9 wd-title-color-default wd-title-style-default text-left vc_custom_1739888992107 wd-underline-colored\">\n\t\t\t\n\t\t\t<div class=\"liner-continer\">\n\t\t\t\t<h4 class=\"woodmart-title-container title  wd-font-weight- wd-fontsize-l\" >Opis produktu<\/h4>\n\t\t\t\t\t\t\t<\/div>\n\t\t\t\n\t\t\t\n\t\t\t\n\t\t<\/div>\n\t\t\n\t\t[vc_column_text css=&#8221;&#8221; woodmart_inline=&#8221;no&#8221; text_larger=&#8221;no&#8221;]Jego unikalna mieszanka wykorzystuje moc natury i naukowej innowacji. Zawiera stabilizowan\u0105 pochodn\u0105 kwasu askorbinowego i olejek eteryczny Frankicense, kt\u00f3ry wnika w sk\u00f3r\u0119, metabolizuje do witaminy C, dzia\u0142a jako doskona\u0142y przeciwutleniacz, zapewnia wsparcie kolagenu, pomaga rozja\u015bni\u0107 sk\u00f3r\u0119 i zmniejszy\u0107 widoczno\u015b\u0107 zmarszczek, chroni przed uszkodzeniami s\u0142onecznymi i zapewnia efekt \u015bwietlny dzi\u0119ki szybko wch\u0142anianej formule na bazie wody. Zapewnia przyjemn\u0105, relaksuj\u0105c\u0105 aktywacj\u0119 serum, kt\u00f3ra zaczyna si\u0119 od uczucia napi\u0119cia.[\/vc_column_text][\/vc_column][vc_column width=&#8221;1\/2&#8243;]\n\t\t<div id=\"wd-67b499d19a463\" class=\"title-wrapper wd-wpb set-mb-s reset-last-child  wd-rs-67b499d19a463 wd-title-color-default wd-title-style-default text-left vc_custom_1739889075654 wd-underline-colored\">\n\t\t\t\n\t\t\t<div class=\"liner-continer\">\n\t\t\t\t<h4 class=\"woodmart-title-container title  wd-font-weight- wd-fontsize-l\" >Korzy\u015bci z energetyzowania<\/h4>\n\t\t\t\t\t\t\t<\/div>\n\t\t\t\n\t\t\t\n\t\t\t\n\t\t<\/div>\n\t\t\n\t\t[vc_column_text css=&#8221;&#8221; woodmart_inline=&#8221;no&#8221; text_larger=&#8221;no&#8221;]Nasze serum z witamin\u0105 C, zawieraj\u0105ce olejek eteryczny z kadzid\u0142owca, aloesu i mirry, rozja\u015bnia, rewitalizuje i odnawia sk\u00f3r\u0119. Ka\u017cdy sk\u0142adnik od\u017cywia, nawil\u017ca i chroni sk\u00f3r\u0119, nadaj\u0105c jej jednocze\u015bnie zdrowy i m\u0142odzie\u0144czy wygl\u0105d.<\/p>\n<ul>\n<li>Witamina C: Rozja\u015bnia sk\u00f3r\u0119, redukuje niedoskona\u0142o\u015bci i problemy z pigmentacj\u0105, wyr\u00f3wnuje koloryt sk\u00f3ry i nadaje naturalny blask.<\/li>\n<li>Olejek eteryczny z kadzid\u0142owca: Napina sk\u00f3r\u0119, zmniejsza widoczno\u015b\u0107 drobnych linii i zmarszczek oraz zwalcza oznaki starzenia.<\/li>\n<li>Aloes: G\u0142\u0119boko nawil\u017ca sk\u00f3r\u0119, \u0142agodzi podra\u017cnienia, utrzymuje naturaln\u0105 r\u00f3wnowag\u0119 wilgoci sk\u00f3ry i sprawia, \u017ce \u200b\u200bsk\u00f3ra jest mi\u0119kka i elastyczna.<\/li>\n<li>Olejek eteryczny z mirry: Napina sk\u00f3r\u0119, pomaga zr\u00f3wnowa\u017cy\u0107 koloryt sk\u00f3ry i \u0142agodzi problemy sk\u00f3rne, takie jak tr\u0105dzik i pryszcze.<\/li>\n<\/ul>\n<p>To serum z witamin\u0105 C od\u017cywia, nawil\u017ca i chroni sk\u00f3r\u0119, jednocze\u015bnie j\u0105 rewitalizuj\u0105c. Dzi\u0119ki naturalnym sk\u0142adnikom zapewnia ca\u0142\u0105 piel\u0119gnacj\u0119, jakiej potrzebuje Twoja sk\u00f3ra, i pomaga Ci uzyska\u0107 zdrow\u0105 i m\u0142od\u0105 sk\u00f3r\u0119.[\/vc_column_text][\/vc_column][\/vc_row][vc_row][vc_column width=&#8221;1\/6&#8243; offset=&#8221;vc_col-xs-6&#8243; woodmart_css_id=&#8221;66211630efa8e&#8221; parallax_scroll=&#8221;no&#8221; woodmart_sticky_column=&#8221;false&#8221; wd_collapsible_content_switcher=&#8221;no&#8221; wd_column_role_offcanvas_desktop=&#8221;no&#8221; wd_column_role_offcanvas_tablet=&#8221;no&#8221; wd_column_role_offcanvas_mobile=&#8221;no&#8221; wd_column_role_content_desktop=&#8221;no&#8221; wd_column_role_content_tablet=&#8221;no&#8221; wd_column_role_content_mobile=&#8221;no&#8221; mobile_bg_img_hidden=&#8221;no&#8221; tablet_bg_img_hidden=&#8221;no&#8221; woodmart_parallax=&#8221;0&#8243; woodmart_box_shadow=&#8221;no&#8221; responsive_spacing=&#8221;eyJwYXJhbV90eXBlIjoid29vZG1hcnRfcmVzcG9uc2l2ZV9zcGFjaW5nIiwic2VsZWN0b3JfaWQiOiI2NjIxMTYzMGVmYThlIiwic2hvcnRjb2RlIjoidmNfY29sdW1uIiwiZGF0YSI6eyJ0YWJsZXQiOnt9LCJtb2JpbGUiOnt9fX0=&#8221; mobile_reset_margin=&#8221;no&#8221; tablet_reset_margin=&#8221;no&#8221; wd_z_index=&#8221;no&#8221;][vc_single_image image=&#8221;643&#8243; img_size=&#8221;full&#8221; alignment=&#8221;center&#8221; css=&#8221;.vc_custom_1713445158264{margin-bottom: 0px !important;}&#8221; parallax_scroll=&#8221;no&#8221; woodmart_inline=&#8221;no&#8221;][\/vc_column][vc_column width=&#8221;1\/6&#8243; offset=&#8221;vc_col-xs-6&#8243; woodmart_css_id=&#8221;662116378a7c8&#8243; parallax_scroll=&#8221;no&#8221; woodmart_sticky_column=&#8221;false&#8221; wd_collapsible_content_switcher=&#8221;no&#8221; wd_column_role_offcanvas_desktop=&#8221;no&#8221; wd_column_role_offcanvas_tablet=&#8221;no&#8221; wd_column_role_offcanvas_mobile=&#8221;no&#8221; wd_column_role_content_desktop=&#8221;no&#8221; wd_column_role_content_tablet=&#8221;no&#8221; wd_column_role_content_mobile=&#8221;no&#8221; mobile_bg_img_hidden=&#8221;no&#8221; tablet_bg_img_hidden=&#8221;no&#8221; woodmart_parallax=&#8221;0&#8243; woodmart_box_shadow=&#8221;no&#8221; responsive_spacing=&#8221;eyJwYXJhbV90eXBlIjoid29vZG1hcnRfcmVzcG9uc2l2ZV9zcGFjaW5nIiwic2VsZWN0b3JfaWQiOiI2NjIxMTYzNzhhN2M4Iiwic2hvcnRjb2RlIjoidmNfY29sdW1uIiwiZGF0YSI6eyJ0YWJsZXQiOnt9LCJtb2JpbGUiOnt9fX0=&#8221; mobile_reset_margin=&#8221;no&#8221; tablet_reset_margin=&#8221;no&#8221; wd_z_index=&#8221;no&#8221;][vc_single_image image=&#8221;636&#8243; img_size=&#8221;full&#8221; alignment=&#8221;center&#8221; css=&#8221;.vc_custom_1713445152964{margin-bottom: 0px !important;}&#8221; parallax_scroll=&#8221;no&#8221; woodmart_inline=&#8221;no&#8221;][\/vc_column][vc_column width=&#8221;1\/6&#8243; offset=&#8221;vc_col-xs-6&#8243; woodmart_css_id=&#8221;6621163cc1f9c&#8221; parallax_scroll=&#8221;no&#8221; woodmart_sticky_column=&#8221;false&#8221; wd_collapsible_content_switcher=&#8221;no&#8221; wd_column_role_offcanvas_desktop=&#8221;no&#8221; wd_column_role_offcanvas_tablet=&#8221;no&#8221; wd_column_role_offcanvas_mobile=&#8221;no&#8221; wd_column_role_content_desktop=&#8221;no&#8221; wd_column_role_content_tablet=&#8221;no&#8221; wd_column_role_content_mobile=&#8221;no&#8221; mobile_bg_img_hidden=&#8221;no&#8221; tablet_bg_img_hidden=&#8221;no&#8221; woodmart_parallax=&#8221;0&#8243; woodmart_box_shadow=&#8221;no&#8221; responsive_spacing=&#8221;eyJwYXJhbV90eXBlIjoid29vZG1hcnRfcmVzcG9uc2l2ZV9zcGFjaW5nIiwic2VsZWN0b3JfaWQiOiI2NjIxMTYzY2MxZjljIiwic2hvcnRjb2RlIjoidmNfY29sdW1uIiwiZGF0YSI6eyJ0YWJsZXQiOnt9LCJtb2JpbGUiOnt9fX0=&#8221; mobile_reset_margin=&#8221;no&#8221; tablet_reset_margin=&#8221;no&#8221; wd_z_index=&#8221;no&#8221;][vc_single_image image=&#8221;645&#8243; img_size=&#8221;full&#8221; alignment=&#8221;center&#8221; css=&#8221;.vc_custom_1713445106981{margin-bottom: 0px !important;}&#8221; parallax_scroll=&#8221;no&#8221; woodmart_inline=&#8221;no&#8221;][\/vc_column][vc_column width=&#8221;1\/6&#8243; offset=&#8221;vc_col-xs-6&#8243; woodmart_css_id=&#8221;6621164142cd5&#8243; parallax_scroll=&#8221;no&#8221; woodmart_sticky_column=&#8221;false&#8221; wd_collapsible_content_switcher=&#8221;no&#8221; wd_column_role_offcanvas_desktop=&#8221;no&#8221; wd_column_role_offcanvas_tablet=&#8221;no&#8221; wd_column_role_offcanvas_mobile=&#8221;no&#8221; wd_column_role_content_desktop=&#8221;no&#8221; wd_column_role_content_tablet=&#8221;no&#8221; wd_column_role_content_mobile=&#8221;no&#8221; mobile_bg_img_hidden=&#8221;no&#8221; tablet_bg_img_hidden=&#8221;no&#8221; woodmart_parallax=&#8221;0&#8243; woodmart_box_shadow=&#8221;no&#8221; responsive_spacing=&#8221;eyJwYXJhbV90eXBlIjoid29vZG1hcnRfcmVzcG9uc2l2ZV9zcGFjaW5nIiwic2VsZWN0b3JfaWQiOiI2NjIxMTY0MTQyY2Q1Iiwic2hvcnRjb2RlIjoidmNfY29sdW1uIiwiZGF0YSI6eyJ0YWJsZXQiOnt9LCJtb2JpbGUiOnt9fX0=&#8221; mobile_reset_margin=&#8221;no&#8221; tablet_reset_margin=&#8221;no&#8221; wd_z_index=&#8221;no&#8221;][vc_single_image image=&#8221;646&#8243; img_size=&#8221;full&#8221; alignment=&#8221;center&#8221; css=&#8221;.vc_custom_1713444356645{margin-bottom: 0px !important;}&#8221; parallax_scroll=&#8221;no&#8221; woodmart_inline=&#8221;no&#8221;][\/vc_column][vc_column width=&#8221;1\/6&#8243; offset=&#8221;vc_col-xs-6&#8243; woodmart_css_id=&#8221;662116455e0a6&#8243; parallax_scroll=&#8221;no&#8221; woodmart_sticky_column=&#8221;false&#8221; wd_collapsible_content_switcher=&#8221;no&#8221; wd_column_role_offcanvas_desktop=&#8221;no&#8221; wd_column_role_offcanvas_tablet=&#8221;no&#8221; wd_column_role_offcanvas_mobile=&#8221;no&#8221; wd_column_role_content_desktop=&#8221;no&#8221; wd_column_role_content_tablet=&#8221;no&#8221; wd_column_role_content_mobile=&#8221;no&#8221; mobile_bg_img_hidden=&#8221;no&#8221; tablet_bg_img_hidden=&#8221;no&#8221; woodmart_parallax=&#8221;0&#8243; woodmart_box_shadow=&#8221;no&#8221; responsive_spacing=&#8221;eyJwYXJhbV90eXBlIjoid29vZG1hcnRfcmVzcG9uc2l2ZV9zcGFjaW5nIiwic2VsZWN0b3JfaWQiOiI2NjIxMTY0NTVlMGE2Iiwic2hvcnRjb2RlIjoidmNfY29sdW1uIiwiZGF0YSI6eyJ0YWJsZXQiOnt9LCJtb2JpbGUiOnt9fX0=&#8221; mobile_reset_margin=&#8221;no&#8221; tablet_reset_margin=&#8221;no&#8221; wd_z_index=&#8221;no&#8221;][vc_single_image image=&#8221;647&#8243; img_size=&#8221;full&#8221; alignment=&#8221;center&#8221; css=&#8221;.vc_custom_1713444362010{margin-bottom: 0px !important;}&#8221; parallax_scroll=&#8221;no&#8221; woodmart_inline=&#8221;no&#8221;][\/vc_column][vc_column width=&#8221;1\/6&#8243; offset=&#8221;vc_col-xs-6&#8243; woodmart_css_id=&#8221;662116494373d&#8221; parallax_scroll=&#8221;no&#8221; woodmart_sticky_column=&#8221;false&#8221; wd_collapsible_content_switcher=&#8221;no&#8221; wd_column_role_offcanvas_desktop=&#8221;no&#8221; wd_column_role_offcanvas_tablet=&#8221;no&#8221; wd_column_role_offcanvas_mobile=&#8221;no&#8221; wd_column_role_content_desktop=&#8221;no&#8221; wd_column_role_content_tablet=&#8221;no&#8221; wd_column_role_content_mobile=&#8221;no&#8221; mobile_bg_img_hidden=&#8221;no&#8221; tablet_bg_img_hidden=&#8221;no&#8221; woodmart_parallax=&#8221;0&#8243; woodmart_box_shadow=&#8221;no&#8221; responsive_spacing=&#8221;eyJwYXJhbV90eXBlIjoid29vZG1hcnRfcmVzcG9uc2l2ZV9zcGFjaW5nIiwic2VsZWN0b3JfaWQiOiI2NjIxMTY0OTQzNzNkIiwic2hvcnRjb2RlIjoidmNfY29sdW1uIiwiZGF0YSI6eyJ0YWJsZXQiOnt9LCJtb2JpbGUiOnt9fX0=&#8221; mobile_reset_margin=&#8221;no&#8221; tablet_reset_margin=&#8221;no&#8221; wd_z_index=&#8221;no&#8221;][vc_single_image image=&#8221;642&#8243; img_size=&#8221;full&#8221; alignment=&#8221;center&#8221; css=&#8221;.vc_custom_1713444367937{margin-bottom: 0px !important;}&#8221; parallax_scroll=&#8221;no&#8221; woodmart_inline=&#8221;no&#8221;][\/vc_column][\/vc_row][vc_row el_class=&#8221;mobile-none&#8221; woodmart_css_id=&#8221;6620f93a5d2fd&#8221; responsive_spacing=&#8221;eyJwYXJhbV90eXBlIjoid29vZG1hcnRfcmVzcG9uc2l2ZV9zcGFjaW5nIiwic2VsZWN0b3JfaWQiOiI2NjIwZjkzYTVkMmZkIiwic2hvcnRjb2RlIjoidmNfcm93IiwiZGF0YSI6eyJ0YWJsZXQiOnt9LCJtb2JpbGUiOnt9fX0=&#8221; mobile_bg_img_hidden=&#8221;no&#8221; tablet_bg_img_hidden=&#8221;no&#8221; woodmart_parallax=&#8221;0&#8243; woodmart_gradient_switch=&#8221;no&#8221; woodmart_box_shadow=&#8221;no&#8221; wd_z_index=&#8221;no&#8221; woodmart_disable_overflow=&#8221;0&#8243; row_reverse_mobile=&#8221;0&#8243; row_reverse_tablet=&#8221;0&#8243;][vc_column][vc_single_image image=&#8221;1874&#8243; img_size=&#8221;full&#8221; css=&#8221;.vc_custom_1741044884024{margin-bottom: 0px !important;}&#8221; parallax_scroll=&#8221;no&#8221; woodmart_inline=&#8221;no&#8221;][\/vc_column][\/vc_row][vc_row el_class=&#8221;pc-none&#8221; woodmart_css_id=&#8221;6620f94156b19&#8243; responsive_spacing=&#8221;eyJwYXJhbV90eXBlIjoid29vZG1hcnRfcmVzcG9uc2l2ZV9zcGFjaW5nIiwic2VsZWN0b3JfaWQiOiI2NjIwZjk0MTU2YjE5Iiwic2hvcnRjb2RlIjoidmNfcm93IiwiZGF0YSI6eyJ0YWJsZXQiOnt9LCJtb2JpbGUiOnt9fX0=&#8221; mobile_bg_img_hidden=&#8221;no&#8221; tablet_bg_img_hidden=&#8221;no&#8221; woodmart_parallax=&#8221;0&#8243; woodmart_gradient_switch=&#8221;no&#8221; woodmart_box_shadow=&#8221;no&#8221; wd_z_index=&#8221;no&#8221; woodmart_disable_overflow=&#8221;0&#8243; row_reverse_mobile=&#8221;0&#8243; row_reverse_tablet=&#8221;0&#8243;][vc_column][vc_single_image image=&#8221;1877&#8243; img_size=&#8221;full&#8221; css=&#8221;.vc_custom_1741044893629{margin-bottom: 0px !important;}&#8221; parallax_scroll=&#8221;no&#8221; woodmart_inline=&#8221;no&#8221;][\/vc_column][\/vc_row]<\/p>\n<\/div>","protected":false},"excerpt":{"rendered":"<p>Unikalna mieszanka wykorzystuje moc natury i naukowej innowacji. Zawiera stabilizowan\u0105 pochodn\u0105 kwasu askorbinowego, kt\u00f3ra wnika w sk\u00f3r\u0119, metabolizuje si\u0119 do witaminy C, dzia\u0142aj\u0105c jako doskona\u0142y przeciwutleniacz, wzmacniaj\u0105c kolagen, rozja\u015bniaj\u0105c sk\u00f3r\u0119, redukuj\u0105c zmarszczki i chroni\u0105c przed uszkodzeniami s\u0142onecznymi. Ponadto olejek eteryczny z kadzid\u0142owca, stosowany od wiek\u00f3w w odm\u0142adzaniu sk\u00f3ry, oraz szybko wch\u0142aniana formu\u0142a na bazie wody zapewniaj\u0105 przyjemn\u0105, koj\u0105c\u0105 aktywacj\u0119 serum, rozpoczynaj\u0105c\u0105 si\u0119 od lekkiego uczucia uj\u0119drnienia.<\/p>\n<p><strong>99,9% naturalna, 30% organiczna zawarto\u015b\u0107<\/strong><\/p>\n","protected":false},"featured_media":1534,"comment_status":"open","ping_status":"closed","template":"","meta":{"rank_math_lock_modified_date":false},"product_brand":[],"product_cat":[36],"product_tag":[],"class_list":{"0":"post-1532","1":"product","2":"type-product","3":"status-publish","4":"has-post-thumbnail","6":"product_cat-general-pl","8":"first","9":"instock","10":"shipping-taxable","11":"purchasable","12":"product-type-simple"},"_links":{"self":[{"href":"https:\/\/internationalplusorganics.com\/pl\/wp-json\/wp\/v2\/product\/1532","targetHints":{"allow":["GET"]}}],"collection":[{"href":"https:\/\/internationalplusorganics.com\/pl\/wp-json\/wp\/v2\/product"}],"about":[{"href":"https:\/\/internationalplusorganics.com\/pl\/wp-json\/wp\/v2\/types\/product"}],"replies":[{"embeddable":true,"href":"https:\/\/internationalplusorganics.com\/pl\/wp-json\/wp\/v2\/comments?post=1532"}],"wp:featuredmedia":[{"embeddable":true,"href":"https:\/\/internationalplusorganics.com\/pl\/wp-json\/wp\/v2\/media\/1534"}],"wp:attachment":[{"href":"https:\/\/internationalplusorganics.com\/pl\/wp-json\/wp\/v2\/media?parent=1532"}],"wp:term":[{"taxonomy":"product_brand","embeddable":true,"href":"https:\/\/internationalplusorganics.com\/pl\/wp-json\/wp\/v2\/product_brand?post=1532"},{"taxonomy":"product_cat","embeddable":true,"href":"https:\/\/internationalplusorganics.com\/pl\/wp-json\/wp\/v2\/product_cat?post=1532"},{"taxonomy":"product_tag","embeddable":true,"href":"https:\/\/internationalplusorganics.com\/pl\/wp-json\/wp\/v2\/product_tag?post=1532"}],"curies":[{"name":"wp","href":"https:\/\/api.w.org\/{rel}","templated":true}]}}